{"id":866,"date":"2023-01-16T16:24:41","date_gmt":"2023-01-16T16:24:41","guid":{"rendered":"https:\/\/snapphotogear.com\/expedition\/"},"modified":"2024-03-18T13:24:36","modified_gmt":"2024-03-18T13:24:36","slug":"expedition","status":"publish","type":"page","link":"https:\/\/snapphotogear.com\/fr\/expedition\/","title":{"rendered":"Exp\u00e9dition"},"content":{"rendered":"<h3 class=\"title\">Tarifs d&rsquo;exp\u00e9dition internationaux<\/h3>\n<p>SERVICE<br \/>\nCANADA<br \/>\n\u00c9TATS-UNIS<br \/>\nEUROPE<br \/>\nPARTOUT AILLEURS*<\/p>\n<p><strong>Standard<\/strong><br \/>\n$8.99<br \/>\n$12.99<br \/>\n$15.99<br \/>\n$24.99<\/p>\n<p><strong>Acc\u00e9l\u00e9r\u00e9<\/strong><br \/>\n$19.99<br \/>\n$24.99<br \/>\nNon disponible<br \/>\n<span style=\"font-family: Lato; font-size: 14px; font-style: normal; font-variant-ligatures: normal; font-variant-caps: normal; font-weight: 400;\">Non disponible<\/span><\/p>\n<p>* <strong>Partout ailleurs<\/strong> = Afrique, Am\u00e9rique centrale, Am\u00e9rique du Sud, Mexique<\/p>\n<p><strong>Note : Tous les prix sont exprim\u00e9s en dollars canadiens.<\/strong><\/p>\n<h3 class=\"title\">D\u00e9lais de livraison<\/h3>\n<p class=\"MsoNormal\"><b>Veuillez noter que les dates d&rsquo;arriv\u00e9e estim\u00e9es ne sont pas garanties. Les retards dus aux conditions m\u00e9t\u00e9orologiques et d&rsquo;autres circonstances impr\u00e9vues peuvent avoir une incidence sur le d\u00e9lai de livraison.<\/b><\/p>\n<p>SERVICE<br \/>\n<strong>AU CANADA :<\/strong><br \/>\n<strong>AUX \u00c9TATS-UNIS :<\/strong><br \/>\n<strong>EN DEHORS DU CANADA ET DES ETATS-UNIS<\/strong><\/p>\n<p><strong>Standard<\/strong><br \/>\n<strong>5-7<\/strong> jours ouvrables*<br \/>\n<strong>5-8<\/strong> jours ouvrables*<br \/>\n<strong>6-12<\/strong> jours ouvrables**(pour la plupart des pays)<\/p>\n<p><strong>Acc\u00e9l\u00e9r\u00e9<\/strong><br \/>\n<strong>2-4<\/strong> jours ouvrables*<br \/>\n<strong>2-4<\/strong> jours ouvrables*<br \/>\nNon disponible<\/p>\n<p>* Le d\u00e9lai de traitement est g\u00e9n\u00e9ralement d&rsquo;un jour ouvrable pour tous les envois, sauf s&rsquo;il s&rsquo;agit d&rsquo;un article en pr\u00e9-commande. Les commandes re\u00e7ues apr\u00e8s 7 heures du matin, heure de l&rsquo;Est, ne sont parfois pas trait\u00e9es avant le jour ouvrable suivant.<\/p>\n<p>** Occasionnellement, les commandes internationales peuvent prendre jusqu&rsquo;\u00e0 4 semaines ou plus pour \u00eatre livr\u00e9es \u00e0 des destinations \u00e9loign\u00e9es telles que les pays situ\u00e9s au Mexique, en Am\u00e9rique centrale et du Sud, en Russie, en Afrique et au Moyen-Orient. En raison des limites de notre syst\u00e8me d&rsquo;exp\u00e9dition et de certains transporteurs internationaux, nous ne pouvons pas garantir les dates de livraison internationales.<\/p>\n","protected":false},"excerpt":{"rendered":"<p>Tarifs d&rsquo;exp\u00e9dition internationaux SERVICE CANADA \u00c9TATS-UNIS EUROPE PARTOUT AILLEURS* Standard $8.99 $12.99 $15.99 $24.99 Acc\u00e9l\u00e9r\u00e9 $19.99 $24.99 Non disponible Non disponible * Partout ailleurs = Afrique,<span class=\"excerpt-hellip\"> [\u2026]<\/span><\/p>\n","protected":false},"author":1,"featured_media":0,"parent":0,"menu_order":0,"comment_status":"closed","ping_status":"closed","template":"","meta":{"footnotes":""},"class_list":["post-866","page","type-page","status-publish","hentry"],"yoast_head":"<!-- This site is optimized with the Yoast SEO plugin v27.2 - https:\/\/yoast.com\/product\/yoast-seo-wordpress\/ -->\n<title>Exp\u00e9dition - Snap Photo Gear<\/title>\n<meta name=\"description\" content=\"We design highly functional, yet minimal, iPhone accessories to take your mobile photography to the next level!\" \/>\n<meta name=\"robots\" content=\"index, follow, max-snippet:-1, max-image-preview:large, max-video-preview:-1\" \/>\n<link rel=\"canonical\" href=\"https:\/\/snapphotogear.com\/fr\/expedition\/\" \/>\n<meta property=\"og:locale\" content=\"fr_FR\" \/>\n<meta property=\"og:type\" content=\"article\" \/>\n<meta property=\"og:title\" content=\"Exp\u00e9dition - Snap Photo Gear\" \/>\n<meta property=\"og:description\" content=\"We design highly functional, yet minimal, iPhone accessories to take your mobile photography to the next level!\" \/>\n<meta property=\"og:url\" content=\"https:\/\/snapphotogear.com\/fr\/expedition\/\" \/>\n<meta property=\"og:site_name\" content=\"Snap Photo Gear\" \/>\n<meta property=\"article:publisher\" content=\"https:\/\/www.facebook.com\/snapphotogear\" \/>\n<meta property=\"article:modified_time\" content=\"2024-03-18T13:24:36+00:00\" \/>\n<meta property=\"og:image\" content=\"https:\/\/snapphotogear.com\/wp-content\/uploads\/2024\/04\/Snap-Photo-Gear-Social-Media-Featured-Image.jpg?wsr\" \/>\n\t<meta property=\"og:image:width\" content=\"1200\" \/>\n\t<meta property=\"og:image:height\" content=\"675\" \/>\n\t<meta property=\"og:image:type\" content=\"image\/jpeg\" \/>\n<meta name=\"twitter:card\" content=\"summary_large_image\" \/>\n<script type=\"application\/ld+json\" class=\"yoast-schema-graph\">{\"@context\":\"https:\/\/schema.org\",\"@graph\":[{\"@type\":\"WebPage\",\"@id\":\"https:\/\/snapphotogear.com\/fr\/expedition\/\",\"url\":\"https:\/\/snapphotogear.com\/fr\/expedition\/\",\"name\":\"Exp\u00e9dition - Snap Photo Gear\",\"isPartOf\":{\"@id\":\"https:\/\/snapphotogear.com\/fr\/#website\"},\"datePublished\":\"2023-01-16T16:24:41+00:00\",\"dateModified\":\"2024-03-18T13:24:36+00:00\",\"description\":\"We design highly functional, yet minimal, iPhone accessories to take your mobile photography to the next level!\",\"breadcrumb\":{\"@id\":\"https:\/\/snapphotogear.com\/fr\/expedition\/#breadcrumb\"},\"inLanguage\":\"fr-FR\",\"potentialAction\":[{\"@type\":\"ReadAction\",\"target\":[\"https:\/\/snapphotogear.com\/fr\/expedition\/\"]}]},{\"@type\":\"BreadcrumbList\",\"@id\":\"https:\/\/snapphotogear.com\/fr\/expedition\/#breadcrumb\",\"itemListElement\":[{\"@type\":\"ListItem\",\"position\":1,\"name\":\"Home\",\"item\":\"https:\/\/snapphotogear.com\/fr\/\"},{\"@type\":\"ListItem\",\"position\":2,\"name\":\"Exp\u00e9dition\"}]},{\"@type\":\"WebSite\",\"@id\":\"https:\/\/snapphotogear.com\/fr\/#website\",\"url\":\"https:\/\/snapphotogear.com\/fr\/\",\"name\":\"Snap Photo Gear\",\"description\":\"We design highly functional, yet minimal, iPhone accessories to take your mobile photography to the next level!\",\"publisher\":{\"@id\":\"https:\/\/snapphotogear.com\/fr\/#organization\"},\"potentialAction\":[{\"@type\":\"SearchAction\",\"target\":{\"@type\":\"EntryPoint\",\"urlTemplate\":\"https:\/\/snapphotogear.com\/fr\/?s={search_term_string}\"},\"query-input\":{\"@type\":\"PropertyValueSpecification\",\"valueRequired\":true,\"valueName\":\"search_term_string\"}}],\"inLanguage\":\"fr-FR\"},{\"@type\":\"Organization\",\"@id\":\"https:\/\/snapphotogear.com\/fr\/#organization\",\"name\":\"Snap Photo Gear\",\"url\":\"https:\/\/snapphotogear.com\/fr\/\",\"logo\":{\"@type\":\"ImageObject\",\"inLanguage\":\"fr-FR\",\"@id\":\"https:\/\/snapphotogear.com\/fr\/#\/schema\/logo\/image\/\",\"url\":\"https:\/\/snapphotogear.com\/wp-content\/uploads\/2024\/03\/snap-photo-gear-logo-gold-black-background.png\",\"contentUrl\":\"https:\/\/snapphotogear.com\/wp-content\/uploads\/2024\/03\/snap-photo-gear-logo-gold-black-background.png\",\"width\":340,\"height\":340,\"caption\":\"Snap Photo Gear\"},\"image\":{\"@id\":\"https:\/\/snapphotogear.com\/fr\/#\/schema\/logo\/image\/\"},\"sameAs\":[\"https:\/\/www.facebook.com\/snapphotogear\",\"https:\/\/www.instagram.com\/snapphotogear\/\",\"https:\/\/www.youtube.com\/@snapphotogear\"]}]}<\/script>\n<!-- \/ Yoast SEO plugin. -->","yoast_head_json":{"title":"Exp\u00e9dition - Snap Photo Gear","description":"We design highly functional, yet minimal, iPhone accessories to take your mobile photography to the next level!","robots":{"index":"index","follow":"follow","max-snippet":"max-snippet:-1","max-image-preview":"max-image-preview:large","max-video-preview":"max-video-preview:-1"},"canonical":"https:\/\/snapphotogear.com\/fr\/expedition\/","og_locale":"fr_FR","og_type":"article","og_title":"Exp\u00e9dition - Snap Photo Gear","og_description":"We design highly functional, yet minimal, iPhone accessories to take your mobile photography to the next level!","og_url":"https:\/\/snapphotogear.com\/fr\/expedition\/","og_site_name":"Snap Photo Gear","article_publisher":"https:\/\/www.facebook.com\/snapphotogear","article_modified_time":"2024-03-18T13:24:36+00:00","og_image":[{"width":1200,"height":675,"url":"https:\/\/snapphotogear.com\/wp-content\/uploads\/2024\/04\/Snap-Photo-Gear-Social-Media-Featured-Image.jpg?wsr","type":"image\/jpeg"}],"twitter_card":"summary_large_image","schema":{"@context":"https:\/\/schema.org","@graph":[{"@type":"WebPage","@id":"https:\/\/snapphotogear.com\/fr\/expedition\/","url":"https:\/\/snapphotogear.com\/fr\/expedition\/","name":"Exp\u00e9dition - Snap Photo Gear","isPartOf":{"@id":"https:\/\/snapphotogear.com\/fr\/#website"},"datePublished":"2023-01-16T16:24:41+00:00","dateModified":"2024-03-18T13:24:36+00:00","description":"We design highly functional, yet minimal, iPhone accessories to take your mobile photography to the next level!","breadcrumb":{"@id":"https:\/\/snapphotogear.com\/fr\/expedition\/#breadcrumb"},"inLanguage":"fr-FR","potentialAction":[{"@type":"ReadAction","target":["https:\/\/snapphotogear.com\/fr\/expedition\/"]}]},{"@type":"BreadcrumbList","@id":"https:\/\/snapphotogear.com\/fr\/expedition\/#breadcrumb","itemListElement":[{"@type":"ListItem","position":1,"name":"Home","item":"https:\/\/snapphotogear.com\/fr\/"},{"@type":"ListItem","position":2,"name":"Exp\u00e9dition"}]},{"@type":"WebSite","@id":"https:\/\/snapphotogear.com\/fr\/#website","url":"https:\/\/snapphotogear.com\/fr\/","name":"Snap Photo Gear","description":"We design highly functional, yet minimal, iPhone accessories to take your mobile photography to the next level!","publisher":{"@id":"https:\/\/snapphotogear.com\/fr\/#organization"},"potentialAction":[{"@type":"SearchAction","target":{"@type":"EntryPoint","urlTemplate":"https:\/\/snapphotogear.com\/fr\/?s={search_term_string}"},"query-input":{"@type":"PropertyValueSpecification","valueRequired":true,"valueName":"search_term_string"}}],"inLanguage":"fr-FR"},{"@type":"Organization","@id":"https:\/\/snapphotogear.com\/fr\/#organization","name":"Snap Photo Gear","url":"https:\/\/snapphotogear.com\/fr\/","logo":{"@type":"ImageObject","inLanguage":"fr-FR","@id":"https:\/\/snapphotogear.com\/fr\/#\/schema\/logo\/image\/","url":"https:\/\/snapphotogear.com\/wp-content\/uploads\/2024\/03\/snap-photo-gear-logo-gold-black-background.png","contentUrl":"https:\/\/snapphotogear.com\/wp-content\/uploads\/2024\/03\/snap-photo-gear-logo-gold-black-background.png","width":340,"height":340,"caption":"Snap Photo Gear"},"image":{"@id":"https:\/\/snapphotogear.com\/fr\/#\/schema\/logo\/image\/"},"sameAs":["https:\/\/www.facebook.com\/snapphotogear","https:\/\/www.instagram.com\/snapphotogear\/","https:\/\/www.youtube.com\/@snapphotogear"]}]}},"_links":{"self":[{"href":"https:\/\/snapphotogear.com\/fr\/wp-json\/wp\/v2\/pages\/866","targetHints":{"allow":["GET"]}}],"collection":[{"href":"https:\/\/snapphotogear.com\/fr\/wp-json\/wp\/v2\/pages"}],"about":[{"href":"https:\/\/snapphotogear.com\/fr\/wp-json\/wp\/v2\/types\/page"}],"author":[{"embeddable":true,"href":"https:\/\/snapphotogear.com\/fr\/wp-json\/wp\/v2\/users\/1"}],"replies":[{"embeddable":true,"href":"https:\/\/snapphotogear.com\/fr\/wp-json\/wp\/v2\/comments?post=866"}],"version-history":[{"count":1,"href":"https:\/\/snapphotogear.com\/fr\/wp-json\/wp\/v2\/pages\/866\/revisions"}],"predecessor-version":[{"id":955,"href":"https:\/\/snapphotogear.com\/fr\/wp-json\/wp\/v2\/pages\/866\/revisions\/955"}],"wp:attachment":[{"href":"https:\/\/snapphotogear.com\/fr\/wp-json\/wp\/v2\/media?parent=866"}],"curies":[{"name":"wp","href":"https:\/\/api.w.org\/{rel}","templated":true}]}}