{"id":868,"date":"2023-11-19T20:42:50","date_gmt":"2023-11-19T20:42:50","guid":{"rendered":"https:\/\/snapphotogear.com\/carrieres-et-stages\/"},"modified":"2024-03-18T13:24:24","modified_gmt":"2024-03-18T13:24:24","slug":"carrieres-et-stages","status":"publish","type":"page","link":"https:\/\/snapphotogear.com\/fr\/carrieres-et-stages\/","title":{"rendered":"Carri\u00e8res et stages"},"content":{"rendered":"<h2 class=\"title\">Ce n&rsquo;est pas du travail si vous aimez ce que vous faites !<\/h2>\n<p>En travaillant chez Snap Photo Gear, vous rejoindrez une entreprise qui aime la photographie et qui cr\u00e9e des produits \u00e9tonnants pour les photographes sur t\u00e9l\u00e9phone portable. Vous travaillerez \u00e9galement sur des projets innovants et passionnants visant \u00e0 faire passer la photographie sur t\u00e9l\u00e9phone portable au niveau sup\u00e9rieur.<\/p>\n<p><span style=\"letter-spacing: 0px;\">Snap Photo Gear recherche des personnes qui <\/span><span style=\"font-family: Lato; font-size: 14px; font-style: normal; font-variant-ligatures: normal; font-variant-caps: normal; font-weight: 400; letter-spacing: 0px;\">aiment la photographie et<\/span><span style=\"letter-spacing: 0px;\"> passionn\u00e9s par la conception et la fabrication de produits.<\/span><\/p>\n<p><span style=\"letter-spacing: 0px;\">Consultez les opportunit\u00e9s de carri\u00e8re et de stage disponibles pour en savoir plus.<\/span><\/p>\n<p><img loading=\"lazy\" decoding=\"async\" class=\"scale-with-grid\" src=\"https:\/\/snapphotogear.com\/wp-content\/uploads\/2023\/11\/career-internship-opportunities-snap-photo-gear.jpg\" sizes=\"auto, (max-width:767px) 480px, 691px\" srcset=\"https:\/\/snapphotogear.com\/wp-content\/uploads\/2023\/11\/career-internship-opportunities-snap-photo-gear.jpg 691w, https:\/\/snapphotogear.com\/wp-content\/uploads\/2023\/11\/career-internship-opportunities-snap-photo-gear-300x233.jpg 300w, https:\/\/snapphotogear.com\/wp-content\/uploads\/2023\/11\/career-internship-opportunities-snap-photo-gear-97x75.jpg 97w, https:\/\/snapphotogear.com\/wp-content\/uploads\/2023\/11\/career-internship-opportunities-snap-photo-gear-480x373.jpg 480w\" alt=\"carri\u00e8re stages opportunit\u00e9s snap photo gear\" width=\"691\" height=\"537\"><\/p>\n<h3 class=\"entry-title\"><\/h3>\n","protected":false},"excerpt":{"rendered":"<p>Ce n&rsquo;est pas du travail si vous aimez ce que vous faites ! En travaillant chez Snap Photo Gear, vous rejoindrez une entreprise qui aime la<span class=\"excerpt-hellip\"> [\u2026]<\/span><\/p>\n","protected":false},"author":1,"featured_media":0,"parent":0,"menu_order":0,"comment_status":"closed","ping_status":"closed","template":"","meta":{"footnotes":""},"class_list":["post-868","page","type-page","status-publish","hentry"],"yoast_head":"<!-- This site is optimized with the Yoast SEO plugin v27.2 - https:\/\/yoast.com\/product\/yoast-seo-wordpress\/ -->\n<title>Carri\u00e8res et stages - Snap Photo Gear<\/title>\n<meta name=\"description\" content=\"Liste des carri\u00e8res et des stages dans une entreprise qui aime la photographie et cr\u00e9e des produits \u00e9tonnants pour les photographes de t\u00e9l\u00e9phones portables.\" \/>\n<meta name=\"robots\" content=\"index, follow, max-snippet:-1, max-image-preview:large, max-video-preview:-1\" \/>\n<link rel=\"canonical\" href=\"https:\/\/snapphotogear.com\/fr\/carrieres-et-stages\/\" \/>\n<meta property=\"og:locale\" content=\"fr_FR\" \/>\n<meta property=\"og:type\" content=\"article\" \/>\n<meta property=\"og:title\" content=\"Carri\u00e8res et stages - Snap Photo Gear\" \/>\n<meta property=\"og:description\" content=\"Liste des carri\u00e8res et des stages dans une entreprise qui aime la photographie et cr\u00e9e des produits \u00e9tonnants pour les photographes de t\u00e9l\u00e9phones portables.\" \/>\n<meta property=\"og:url\" content=\"https:\/\/snapphotogear.com\/fr\/carrieres-et-stages\/\" \/>\n<meta property=\"og:site_name\" content=\"Snap Photo Gear\" \/>\n<meta property=\"article:publisher\" content=\"https:\/\/www.facebook.com\/snapphotogear\" \/>\n<meta property=\"article:modified_time\" content=\"2024-03-18T13:24:24+00:00\" \/>\n<meta property=\"og:image\" content=\"https:\/\/snapphotogear.com\/wp-content\/uploads\/2023\/11\/career-internship-opportunities-snap-photo-gear.jpg\" \/>\n<meta name=\"twitter:card\" content=\"summary_large_image\" \/>\n<script type=\"application\/ld+json\" class=\"yoast-schema-graph\">{\"@context\":\"https:\/\/schema.org\",\"@graph\":[{\"@type\":\"WebPage\",\"@id\":\"https:\/\/snapphotogear.com\/fr\/carrieres-et-stages\/\",\"url\":\"https:\/\/snapphotogear.com\/fr\/carrieres-et-stages\/\",\"name\":\"Carri\u00e8res et stages - Snap Photo Gear\",\"isPartOf\":{\"@id\":\"https:\/\/snapphotogear.com\/fr\/#website\"},\"primaryImageOfPage\":{\"@id\":\"https:\/\/snapphotogear.com\/fr\/carrieres-et-stages\/#primaryimage\"},\"image\":{\"@id\":\"https:\/\/snapphotogear.com\/fr\/carrieres-et-stages\/#primaryimage\"},\"thumbnailUrl\":\"https:\/\/snapphotogear.com\/wp-content\/uploads\/2023\/11\/career-internship-opportunities-snap-photo-gear.jpg\",\"datePublished\":\"2023-11-19T20:42:50+00:00\",\"dateModified\":\"2024-03-18T13:24:24+00:00\",\"description\":\"Liste des carri\u00e8res et des stages dans une entreprise qui aime la photographie et cr\u00e9e des produits \u00e9tonnants pour les photographes de t\u00e9l\u00e9phones portables.\",\"breadcrumb\":{\"@id\":\"https:\/\/snapphotogear.com\/fr\/carrieres-et-stages\/#breadcrumb\"},\"inLanguage\":\"fr-FR\",\"potentialAction\":[{\"@type\":\"ReadAction\",\"target\":[\"https:\/\/snapphotogear.com\/fr\/carrieres-et-stages\/\"]}]},{\"@type\":\"ImageObject\",\"inLanguage\":\"fr-FR\",\"@id\":\"https:\/\/snapphotogear.com\/fr\/carrieres-et-stages\/#primaryimage\",\"url\":\"https:\/\/snapphotogear.com\/wp-content\/uploads\/2023\/11\/career-internship-opportunities-snap-photo-gear.jpg\",\"contentUrl\":\"https:\/\/snapphotogear.com\/wp-content\/uploads\/2023\/11\/career-internship-opportunities-snap-photo-gear.jpg\"},{\"@type\":\"BreadcrumbList\",\"@id\":\"https:\/\/snapphotogear.com\/fr\/carrieres-et-stages\/#breadcrumb\",\"itemListElement\":[{\"@type\":\"ListItem\",\"position\":1,\"name\":\"Home\",\"item\":\"https:\/\/snapphotogear.com\/fr\/\"},{\"@type\":\"ListItem\",\"position\":2,\"name\":\"Carri\u00e8res et stages\"}]},{\"@type\":\"WebSite\",\"@id\":\"https:\/\/snapphotogear.com\/fr\/#website\",\"url\":\"https:\/\/snapphotogear.com\/fr\/\",\"name\":\"Snap Photo Gear\",\"description\":\"We design highly functional, yet minimal, iPhone accessories to take your mobile photography to the next level!\",\"publisher\":{\"@id\":\"https:\/\/snapphotogear.com\/fr\/#organization\"},\"potentialAction\":[{\"@type\":\"SearchAction\",\"target\":{\"@type\":\"EntryPoint\",\"urlTemplate\":\"https:\/\/snapphotogear.com\/fr\/?s={search_term_string}\"},\"query-input\":{\"@type\":\"PropertyValueSpecification\",\"valueRequired\":true,\"valueName\":\"search_term_string\"}}],\"inLanguage\":\"fr-FR\"},{\"@type\":\"Organization\",\"@id\":\"https:\/\/snapphotogear.com\/fr\/#organization\",\"name\":\"Snap Photo Gear\",\"url\":\"https:\/\/snapphotogear.com\/fr\/\",\"logo\":{\"@type\":\"ImageObject\",\"inLanguage\":\"fr-FR\",\"@id\":\"https:\/\/snapphotogear.com\/fr\/#\/schema\/logo\/image\/\",\"url\":\"https:\/\/snapphotogear.com\/wp-content\/uploads\/2024\/03\/snap-photo-gear-logo-gold-black-background.png\",\"contentUrl\":\"https:\/\/snapphotogear.com\/wp-content\/uploads\/2024\/03\/snap-photo-gear-logo-gold-black-background.png\",\"width\":340,\"height\":340,\"caption\":\"Snap Photo Gear\"},\"image\":{\"@id\":\"https:\/\/snapphotogear.com\/fr\/#\/schema\/logo\/image\/\"},\"sameAs\":[\"https:\/\/www.facebook.com\/snapphotogear\",\"https:\/\/www.instagram.com\/snapphotogear\/\",\"https:\/\/www.youtube.com\/@snapphotogear\"]}]}<\/script>\n<!-- \/ Yoast SEO plugin. -->","yoast_head_json":{"title":"Carri\u00e8res et stages - Snap Photo Gear","description":"Liste des carri\u00e8res et des stages dans une entreprise qui aime la photographie et cr\u00e9e des produits \u00e9tonnants pour les photographes de t\u00e9l\u00e9phones portables.","robots":{"index":"index","follow":"follow","max-snippet":"max-snippet:-1","max-image-preview":"max-image-preview:large","max-video-preview":"max-video-preview:-1"},"canonical":"https:\/\/snapphotogear.com\/fr\/carrieres-et-stages\/","og_locale":"fr_FR","og_type":"article","og_title":"Carri\u00e8res et stages - Snap Photo Gear","og_description":"Liste des carri\u00e8res et des stages dans une entreprise qui aime la photographie et cr\u00e9e des produits \u00e9tonnants pour les photographes de t\u00e9l\u00e9phones portables.","og_url":"https:\/\/snapphotogear.com\/fr\/carrieres-et-stages\/","og_site_name":"Snap Photo Gear","article_publisher":"https:\/\/www.facebook.com\/snapphotogear","article_modified_time":"2024-03-18T13:24:24+00:00","og_image":[{"url":"https:\/\/snapphotogear.com\/wp-content\/uploads\/2023\/11\/career-internship-opportunities-snap-photo-gear.jpg","type":"","width":"","height":""}],"twitter_card":"summary_large_image","schema":{"@context":"https:\/\/schema.org","@graph":[{"@type":"WebPage","@id":"https:\/\/snapphotogear.com\/fr\/carrieres-et-stages\/","url":"https:\/\/snapphotogear.com\/fr\/carrieres-et-stages\/","name":"Carri\u00e8res et stages - Snap Photo Gear","isPartOf":{"@id":"https:\/\/snapphotogear.com\/fr\/#website"},"primaryImageOfPage":{"@id":"https:\/\/snapphotogear.com\/fr\/carrieres-et-stages\/#primaryimage"},"image":{"@id":"https:\/\/snapphotogear.com\/fr\/carrieres-et-stages\/#primaryimage"},"thumbnailUrl":"https:\/\/snapphotogear.com\/wp-content\/uploads\/2023\/11\/career-internship-opportunities-snap-photo-gear.jpg","datePublished":"2023-11-19T20:42:50+00:00","dateModified":"2024-03-18T13:24:24+00:00","description":"Liste des carri\u00e8res et des stages dans une entreprise qui aime la photographie et cr\u00e9e des produits \u00e9tonnants pour les photographes de t\u00e9l\u00e9phones portables.","breadcrumb":{"@id":"https:\/\/snapphotogear.com\/fr\/carrieres-et-stages\/#breadcrumb"},"inLanguage":"fr-FR","potentialAction":[{"@type":"ReadAction","target":["https:\/\/snapphotogear.com\/fr\/carrieres-et-stages\/"]}]},{"@type":"ImageObject","inLanguage":"fr-FR","@id":"https:\/\/snapphotogear.com\/fr\/carrieres-et-stages\/#primaryimage","url":"https:\/\/snapphotogear.com\/wp-content\/uploads\/2023\/11\/career-internship-opportunities-snap-photo-gear.jpg","contentUrl":"https:\/\/snapphotogear.com\/wp-content\/uploads\/2023\/11\/career-internship-opportunities-snap-photo-gear.jpg"},{"@type":"BreadcrumbList","@id":"https:\/\/snapphotogear.com\/fr\/carrieres-et-stages\/#breadcrumb","itemListElement":[{"@type":"ListItem","position":1,"name":"Home","item":"https:\/\/snapphotogear.com\/fr\/"},{"@type":"ListItem","position":2,"name":"Carri\u00e8res et stages"}]},{"@type":"WebSite","@id":"https:\/\/snapphotogear.com\/fr\/#website","url":"https:\/\/snapphotogear.com\/fr\/","name":"Snap Photo Gear","description":"We design highly functional, yet minimal, iPhone accessories to take your mobile photography to the next level!","publisher":{"@id":"https:\/\/snapphotogear.com\/fr\/#organization"},"potentialAction":[{"@type":"SearchAction","target":{"@type":"EntryPoint","urlTemplate":"https:\/\/snapphotogear.com\/fr\/?s={search_term_string}"},"query-input":{"@type":"PropertyValueSpecification","valueRequired":true,"valueName":"search_term_string"}}],"inLanguage":"fr-FR"},{"@type":"Organization","@id":"https:\/\/snapphotogear.com\/fr\/#organization","name":"Snap Photo Gear","url":"https:\/\/snapphotogear.com\/fr\/","logo":{"@type":"ImageObject","inLanguage":"fr-FR","@id":"https:\/\/snapphotogear.com\/fr\/#\/schema\/logo\/image\/","url":"https:\/\/snapphotogear.com\/wp-content\/uploads\/2024\/03\/snap-photo-gear-logo-gold-black-background.png","contentUrl":"https:\/\/snapphotogear.com\/wp-content\/uploads\/2024\/03\/snap-photo-gear-logo-gold-black-background.png","width":340,"height":340,"caption":"Snap Photo Gear"},"image":{"@id":"https:\/\/snapphotogear.com\/fr\/#\/schema\/logo\/image\/"},"sameAs":["https:\/\/www.facebook.com\/snapphotogear","https:\/\/www.instagram.com\/snapphotogear\/","https:\/\/www.youtube.com\/@snapphotogear"]}]}},"_links":{"self":[{"href":"https:\/\/snapphotogear.com\/fr\/wp-json\/wp\/v2\/pages\/868","targetHints":{"allow":["GET"]}}],"collection":[{"href":"https:\/\/snapphotogear.com\/fr\/wp-json\/wp\/v2\/pages"}],"about":[{"href":"https:\/\/snapphotogear.com\/fr\/wp-json\/wp\/v2\/types\/page"}],"author":[{"embeddable":true,"href":"https:\/\/snapphotogear.com\/fr\/wp-json\/wp\/v2\/users\/1"}],"replies":[{"embeddable":true,"href":"https:\/\/snapphotogear.com\/fr\/wp-json\/wp\/v2\/comments?post=868"}],"version-history":[{"count":2,"href":"https:\/\/snapphotogear.com\/fr\/wp-json\/wp\/v2\/pages\/868\/revisions"}],"predecessor-version":[{"id":952,"href":"https:\/\/snapphotogear.com\/fr\/wp-json\/wp\/v2\/pages\/868\/revisions\/952"}],"wp:attachment":[{"href":"https:\/\/snapphotogear.com\/fr\/wp-json\/wp\/v2\/media?parent=868"}],"curies":[{"name":"wp","href":"https:\/\/api.w.org\/{rel}","templated":true}]}}