{"id":871,"date":"2016-08-25T10:34:08","date_gmt":"2016-08-25T10:34:08","guid":{"rendered":"https:\/\/snapphotogear.com\/accueil\/"},"modified":"2024-12-14T14:16:32","modified_gmt":"2024-12-14T14:16:32","slug":"accueil","status":"publish","type":"page","link":"https:\/\/snapphotogear.com\/fr\/","title":{"rendered":"Accueil"},"content":{"rendered":"<p class=\"rs-p-wp-fix\">\n<p><img decoding=\"async\" class=\"rev-slidebg tp-rs-img\" src=\"\/\/snapphotogear.com\/wp-content\/plugins\/revslider\/public\/assets\/assets\/transparent.png\" alt=\"Diapositive\" data-bg=\"c:linear-gradient(230deg, rgba(209,214,243,1) 0%, rgba(237,243,255,1) 25%, rgba(30,32,40,1) 80%, rgba(30,32,40,1) 100%);\" data-parallax=\"3\" data-no-retina=\"\"><br \/>\nAdaptateur de filtre \u00e0 pression<br \/>\nUtiliser des filtres photographiques avec votre iPhone<br \/>\n<a id=\"slider-1-slide-4-layer-2\" class=\"rs-layer rev-btn\" style=\"z-index: 8; background-color: #932626; font-family: 'Roboto';\" href=\"https:\/\/snapphotogear.com\/fr\/produit\/adaptateur-de-filtre-snap\/\" target=\"_self\" rel=\"noopener\" data-type=\"button\" data-rsp_ch=\"on\" data-xy=\"x:c,c,l,c;xo:-284px,-214px,49px,0;y:t,t,m,m;yo:428px,469px,94px,-93px;\" data-text=\"w:normal;s:20,18,16,18;l:50,41,31,38;fw:500;a:center;\" data-dim=\"w:590px,487px,380px,436px;minh:0px,none,none,none;\" data-padding=\"r:40,33,25,30;l:40,33,25,30;\" data-border=\"bor:5px,5px,5px,5px;\" data-frame_0=\"x:0,0,0,0px;y:0,0,0,0px;\" data-frame_1=\"x:0,0,0,0px;y:0,0,0,0px;st:400;sp:500;\" data-frame_999=\"o:0;st:w;sR:2700;\" data-frame_hover=\"bgc:#560000;bor:5px,5px,5px,5px;e:power1.inOut;bri:120%;\">Pr\u00e9-commandez le v\u00f4tre d\u00e8s maintenant !<br \/>\n<\/a><img decoding=\"async\" class=\"tp-rs-img\" src=\"\/\/snapphotogear.com\/wp-content\/uploads\/2023\/05\/snap-photo-gear-slider-adaptor-slider-1.png\" alt=\"\" width=\"1499\" height=\"1335\" data-no-retina=\"\"><\/p>\n<p>Pr\u00e9-commandez et profitez d&rsquo;une r\u00e9duction de 20 %.<br \/>\nUtilisez le code de r\u00e9duction : FIRST20<\/p>\n<p>setREVStartSize({c : &lsquo;rev_slider_1_1&prime;,rl :[1240,1024,778,480],el :[650,767 .992,536.998,720],gw :[1240,1024,778,480],gh :[650,768,537,720],type:&rsquo;hero&rsquo;,justify:\u00a0\u00bb,layout:&rsquo;fullwidth&rsquo;,mh : \u00ab\u00a00\u00a0\u00bb});if (window.RS_MODULES!==undefined &amp;&amp; window.RS_MODULES.modules!==undefined &amp;&amp; window.RS_MODULES.modules[\u00ab\u00a0revslider11\u00a0\u00bb]==undefined) {window.RS_MODULES.modules[\u00ab\u00a0revslider11\u00a0\u00bb].once = false;window.revapi1 = undefined;if (window.RS_MODULES.checkMinimal!==undefined) window.RS_MODULES.checkMinimal()}.<\/p>\n<h2 class=\"title\">Caract\u00e9ristiques du Snap Filter Adapter<\/h2>\n<p><img loading=\"lazy\" decoding=\"async\" class=\"scale-with-grid alignnone\" src=\"https:\/\/snapphotogear.com\/wp-content\/uploads\/2023\/05\/snap-photo-gear-filter-magsafe-connection.jpg\" alt=\"Adaptateur de filtre Snap Caract\u00e9ristiques de l'image du produit sur l'iPhone\" width=\"375\" height=\"500\"><\/p>\n<h4>Connexion Magsafe<\/h4>\n<p>Mettez en place notre adaptateur \u00e0 l&rsquo;aide de Magsafe chaque fois que vous avez besoin d&rsquo;une photo parfaite. Utilisez-le directement avec votre iPhone ou avec la plupart des \u00e9tuis pour iPhone compatibles avec Magsafe.<br \/>\nCompatible avec les mod\u00e8les suivants :<br \/>\n<strong>iPhone 14 Pro, iPhone 14 Pro Max, iPhone 13 Pro, iPhone 13 Pro Max, iPhone 12 Pro et iPhone 12 Pro Max<\/strong><br \/>\n<img loading=\"lazy\" decoding=\"async\" class=\"scale-with-grid alignnone\" src=\"https:\/\/snapphotogear.com\/wp-content\/uploads\/2023\/05\/snap-photo-gear-dji-om-osmo.jpg\" alt=\"Adaptateur de filtre Snap Caract\u00e9ristiques Image du produit\" width=\"375\" height=\"500\"><\/p>\n<h4>Prise en charge de l&rsquo;OM Gimble de DJI<\/h4>\n<p>Notre adaptateur est con\u00e7u pour fonctionner avec les cardans DJI OM (Osmo) afin que vous puissiez continuer \u00e0 b\u00e9n\u00e9ficier d&rsquo;une stabilisation douce comme du beurre tout en profitant de divers filtres photographiques.<br \/>\n<a href=\"https:\/\/www.dji.com\/ca\/products\/handheld-imaging-devices#om-series\" target=\"_blank\" rel=\"noopener\">Visitez le site officiel de DJI<\/a> pour en savoir plus.<br \/>\nCompatible avec les mod\u00e8les suivants<strong>: OM 4, OM 5 et OM 6<\/strong>.<br \/>\n<img loading=\"lazy\" decoding=\"async\" class=\"scale-with-grid\" src=\"https:\/\/snapphotogear.com\/wp-content\/uploads\/2023\/05\/snap-photo-gear-filter-photography-gear.jpg\" alt=\"snap-photo-gear-filtre-photographie-gear\" width=\"375\" height=\"500\"><\/p>\n<h4>Soutien au mat\u00e9riel photographique<\/h4>\n<p>Utilisez votre mat\u00e9riel photographique standard avec votre iPhone. N&rsquo;importe quel filtre de <strong>58 mm<\/strong> s&rsquo;adaptera parfaitement. Vous avez une autre taille ? Pas de probl\u00e8me ! Vous pouvez utiliser un adaptateur de type \u00ab\u00a0step-up\u00a0\u00bb. Installez un polariseur circulaire pour faire ressortir vos images, ou ajoutez un filtre ND variable pour contr\u00f4ler vos fr\u00e9quences d&rsquo;images vid\u00e9o.<br \/>\n<img loading=\"lazy\" decoding=\"async\" class=\"scale-with-grid\" src=\"https:\/\/snapphotogear.com\/wp-content\/uploads\/2023\/05\/snap-photo-gear-filter-ultra-portable.jpg\" alt=\"snap-photo-gear-filter-ultra-portable\" width=\"375\" height=\"500\"><\/p>\n<h4>Ultra portable<\/h4>\n<p>Notre adaptateur a une \u00e9paisseur de 5,4 mm et ne p\u00e8se que 10 grammes. Cela signifie que vous pouvez le garder sur votre t\u00e9l\u00e9phone \u00e0 tout moment. Il se glisse confortablement dans votre poche, m\u00eame avec un filtre attach\u00e9, et se range facilement dans votre harnais ou votre sac \u00e0 dos.<\/p>\n<h2 class=\"title\">Sp\u00e9cifications techniques<\/h2>\n<h4 class=\"title\">Fi\u00e8rement con\u00e7u au Canada<\/h4>\n<h3 class=\"title\">iPhone Pro<\/h3>\n<ul class=\"mfn-list mfn-list-divider mfn-list-left mfn-list-top\">\n<li class=\"mfn-list-item\"><span class=\"mfn-list-desc\"><strong>Taille de l&rsquo;adaptateur de filtre :<\/strong> 58 mm<\/span><\/li>\n<li class=\"mfn-list-item\"><span class=\"mfn-list-desc\"><strong>Dimensions :<\/strong><br \/>\nLongueur : 123,6 mm | 4,87 in<br \/>\nLargeur : 76,4 mm | 3,01 in<br \/>\nProfondeur : 5,4 mm* | 0,21* in<br \/>\n<\/span><\/li>\n<li class=\"mfn-list-item\"><span class=\"mfn-list-desc\"><strong>Poids :<\/strong> 5 gr<\/span><\/li>\n<li class=\"mfn-list-item\"><span class=\"mfn-list-desc\"><strong>Couleur :<\/strong> noir &#8211; finition mate<\/span><\/li>\n<li class=\"mfn-list-item\"><span class=\"mfn-list-desc\"><strong>Mat\u00e9riau :<\/strong> Nylon PA12 ultra durable<\/span><\/li>\n<\/ul>\n<h3 class=\"title\">iPhone Pro Max<\/h3>\n<ul class=\"mfn-list mfn-list-divider mfn-list-left mfn-list-top\">\n<li class=\"mfn-list-item\"><span class=\"mfn-list-desc\"><strong>Taille de l&rsquo;adaptateur de filtre :<\/strong> 58 mm<\/span><\/li>\n<li class=\"mfn-list-item\"><span class=\"mfn-list-desc\"><strong>Dimensions :<\/strong><br \/>\nLongueur : 123,6 mm | 4,87 in<br \/>\nLargeur : 77,0 mm | 3,03 in<br \/>\nProfondeur : 5,4 mm* | 0,21* in<br \/>\n<\/span><\/li>\n<li class=\"mfn-list-item\"><span class=\"mfn-list-desc\"><strong>Poids :<\/strong> 5 gr<\/span><\/li>\n<li class=\"mfn-list-item\"><span class=\"mfn-list-desc\"><strong>Couleur :<\/strong> noir &#8211; finition mate<\/span><\/li>\n<li class=\"mfn-list-item\"><span class=\"mfn-list-desc\"><strong>Mat\u00e9riau :<\/strong> Nylon PA12 ultra durable<\/span><\/li>\n<\/ul>\n<p>*La profondeur indiqu\u00e9e correspond \u00e0 la zone la plus \u00e9paisse, sans filtre.<\/p>\n<p class=\"rs-p-wp-fix\">\n<p><img decoding=\"async\" class=\"rev-slidebg tp-rs-img\" src=\"\/\/snapphotogear.com\/wp-content\/plugins\/revslider\/public\/assets\/assets\/transparent.png\" alt=\"Diapositive\" data-no-retina=\"\"><\/p>\n<p><img decoding=\"async\" class=\"tp-rs-img\" src=\"\/\/snapphotogear.com\/wp-content\/uploads\/2023\/01\/iphone-template.png\" alt=\"\" width=\"1096\" height=\"1920\" data-no-retina=\"\"><br \/>\n<img decoding=\"async\" class=\"tp-rs-img\" src=\"\/\/snapphotogear.com\/wp-content\/uploads\/2023\/05\/snap-filter-adaptor-front.png\" alt=\"\" width=\"956\" height=\"1541\" data-no-retina=\"\"><br \/>\n<img decoding=\"async\" class=\"tp-rs-img\" src=\"\/\/snapphotogear.com\/wp-content\/uploads\/2023\/01\/snap-filter-filter-front.png\" alt=\"\" width=\"779\" height=\"781\" data-no-retina=\"\"><\/p>\n<p>setREVStartSize({c : &lsquo;rev_slider_2_2&prime;,rl :[1240,1024,778,480],el :[1000],gw :[571],gh :[1000],type:&rsquo;hero&rsquo;,justify:\u00a0\u00bb,layout:&rsquo;fullwidth&rsquo;,mh : \u00ab\u00a00\u00a0\u00bb});if (window.RS_MODULES!==undefined &amp;&amp; window.RS_MODULES.modules!==undefined &amp;&amp; window.RS_MODULES.modules[\u00ab\u00a0revslider22\u00a0\u00bb]==undefined) {window.RS_MODULES.modules[\u00ab\u00a0revslider22\u00a0\u00bb].once = false;window.revapi2 = undefined;if (window.RS_MODULES.checkMinimal!==undefined) window.RS_MODULES.checkMinimal()}.<\/p>\n<h2 class=\"title\">Pr\u00e9-commande pour obtenir 20% de r\u00e9duction<\/h2>\n<h4 class=\"title\">Les pr\u00e9commandes seront exp\u00e9di\u00e9es d\u00e8s le lancement, le <strong>1er septembre 2023<\/strong>. Commandez maintenant et utilisez le code <strong>FIRST20<\/strong> pour b\u00e9n\u00e9ficier de la r\u00e9duction.<\/h4>\n<p>00<\/p>\n<h3 class=\"title\">jours<\/h3>\n<p>00<\/p>\n<h3 class=\"title\">heures<\/h3>\n<p>00<\/p>\n<h3 class=\"title\">minutes<\/h3>\n<p>00<\/p>\n<h3 class=\"title\">secondes<\/h3>\n<p><a class=\"button has-icon button_left button_theme button_size_4\" href=\"https:\/\/snapphotogear.com\/fr\/produit\/adaptateur-de-filtre-snap\/\"><span class=\"button_label\">Pr\u00e9-commandez d\u00e8s maintenant !<\/span><\/a><\/p>\n","protected":false},"excerpt":{"rendered":"<p>Adaptateur de filtre \u00e0 pression Utiliser des filtres photographiques avec votre iPhone Pr\u00e9-commandez le v\u00f4tre d\u00e8s maintenant ! Pr\u00e9-commandez et profitez d&rsquo;une r\u00e9duction de 20 %.<span class=\"excerpt-hellip\"> [\u2026]<\/span><\/p>\n","protected":false},"author":1,"featured_media":834,"parent":0,"menu_order":0,"comment_status":"open","ping_status":"open","template":"","meta":{"footnotes":""},"class_list":["post-871","page","type-page","status-publish","has-post-thumbnail","hentry"],"yoast_head":"<!-- This site is optimized with the Yoast SEO plugin v27.2 - https:\/\/yoast.com\/product\/yoast-seo-wordpress\/ -->\n<title>Snap Photo Gear - Snap Filter Adapter (Adaptateur de Filtre)<\/title>\n<meta name=\"description\" content=\"L&#039;adaptateur de filtre Snap de Snap Photo Gear est un accessoire fonctionnel et minimal pour t\u00e9l\u00e9phone qui permet de passer \u00e0 la vitesse sup\u00e9rieure en mati\u00e8re de photographie sur iPhone!\" \/>\n<meta name=\"robots\" content=\"index, follow, max-snippet:-1, max-image-preview:large, max-video-preview:-1\" \/>\n<link rel=\"canonical\" href=\"https:\/\/snapphotogear.com\/fr\/\" \/>\n<meta property=\"og:locale\" content=\"fr_FR\" \/>\n<meta property=\"og:type\" content=\"article\" \/>\n<meta property=\"og:title\" content=\"Snap Photo Gear - Snap Filter Adapter (Adaptateur de Filtre)\" \/>\n<meta property=\"og:description\" content=\"L&#039;adaptateur de filtre Snap de Snap Photo Gear est un accessoire fonctionnel et minimal pour t\u00e9l\u00e9phone qui permet de passer \u00e0 la vitesse sup\u00e9rieure en mati\u00e8re de photographie sur iPhone!\" \/>\n<meta property=\"og:url\" content=\"https:\/\/snapphotogear.com\/fr\/\" \/>\n<meta property=\"og:site_name\" content=\"Snap Photo Gear\" \/>\n<meta property=\"article:publisher\" content=\"https:\/\/www.facebook.com\/snapphotogear\" \/>\n<meta property=\"article:modified_time\" content=\"2024-12-14T14:16:32+00:00\" \/>\n<meta property=\"og:image\" content=\"https:\/\/snapphotogear.com\/wp-content\/uploads\/2023\/07\/Snap-Photo-Gear-Social-Media-Featured-Image.jpg?wsr\" \/>\n\t<meta property=\"og:image:width\" content=\"1200\" \/>\n\t<meta property=\"og:image:height\" content=\"675\" \/>\n\t<meta property=\"og:image:type\" content=\"image\/jpeg\" \/>\n<meta name=\"twitter:card\" content=\"summary_large_image\" \/>\n<script type=\"application\/ld+json\" class=\"yoast-schema-graph\">{\"@context\":\"https:\/\/schema.org\",\"@graph\":[{\"@type\":\"WebPage\",\"@id\":\"https:\/\/snapphotogear.com\/fr\/\",\"url\":\"https:\/\/snapphotogear.com\/fr\/\",\"name\":\"Snap Photo Gear - Snap Filter Adapter (Adaptateur de Filtre)\",\"isPartOf\":{\"@id\":\"https:\/\/snapphotogear.com\/fr\/#website\"},\"primaryImageOfPage\":{\"@id\":\"https:\/\/snapphotogear.com\/fr\/#primaryimage\"},\"image\":{\"@id\":\"https:\/\/snapphotogear.com\/fr\/#primaryimage\"},\"thumbnailUrl\":\"https:\/\/snapphotogear.com\/wp-content\/uploads\/2023\/07\/Snap-Photo-Gear-Social-Media-Featured-Image.jpg?wsr\",\"datePublished\":\"2016-08-25T10:34:08+00:00\",\"dateModified\":\"2024-12-14T14:16:32+00:00\",\"description\":\"L'adaptateur de filtre Snap de Snap Photo Gear est un accessoire fonctionnel et minimal pour t\u00e9l\u00e9phone qui permet de passer \u00e0 la vitesse sup\u00e9rieure en mati\u00e8re de photographie sur iPhone!\",\"breadcrumb\":{\"@id\":\"https:\/\/snapphotogear.com\/fr\/#breadcrumb\"},\"inLanguage\":\"fr-FR\",\"potentialAction\":[{\"@type\":\"ReadAction\",\"target\":[\"https:\/\/snapphotogear.com\/fr\/\"]}]},{\"@type\":\"ImageObject\",\"inLanguage\":\"fr-FR\",\"@id\":\"https:\/\/snapphotogear.com\/fr\/#primaryimage\",\"url\":\"https:\/\/snapphotogear.com\/wp-content\/uploads\/2023\/07\/Snap-Photo-Gear-Social-Media-Featured-Image.jpg?wsr\",\"contentUrl\":\"https:\/\/snapphotogear.com\/wp-content\/uploads\/2023\/07\/Snap-Photo-Gear-Social-Media-Featured-Image.jpg?wsr\",\"width\":1200,\"height\":675},{\"@type\":\"BreadcrumbList\",\"@id\":\"https:\/\/snapphotogear.com\/fr\/#breadcrumb\",\"itemListElement\":[{\"@type\":\"ListItem\",\"position\":1,\"name\":\"Home\",\"item\":\"https:\/\/snapphotogear.com\/fr\/\"},{\"@type\":\"ListItem\",\"position\":2,\"name\":\"Accueil\"}]},{\"@type\":\"WebSite\",\"@id\":\"https:\/\/snapphotogear.com\/fr\/#website\",\"url\":\"https:\/\/snapphotogear.com\/fr\/\",\"name\":\"Snap Photo Gear\",\"description\":\"We design highly functional, yet minimal, iPhone accessories to take your mobile photography to the next level!\",\"publisher\":{\"@id\":\"https:\/\/snapphotogear.com\/fr\/#organization\"},\"potentialAction\":[{\"@type\":\"SearchAction\",\"target\":{\"@type\":\"EntryPoint\",\"urlTemplate\":\"https:\/\/snapphotogear.com\/fr\/?s={search_term_string}\"},\"query-input\":{\"@type\":\"PropertyValueSpecification\",\"valueRequired\":true,\"valueName\":\"search_term_string\"}}],\"inLanguage\":\"fr-FR\"},{\"@type\":\"Organization\",\"@id\":\"https:\/\/snapphotogear.com\/fr\/#organization\",\"name\":\"Snap Photo Gear\",\"url\":\"https:\/\/snapphotogear.com\/fr\/\",\"logo\":{\"@type\":\"ImageObject\",\"inLanguage\":\"fr-FR\",\"@id\":\"https:\/\/snapphotogear.com\/fr\/#\/schema\/logo\/image\/\",\"url\":\"https:\/\/snapphotogear.com\/wp-content\/uploads\/2024\/03\/snap-photo-gear-logo-gold-black-background.png\",\"contentUrl\":\"https:\/\/snapphotogear.com\/wp-content\/uploads\/2024\/03\/snap-photo-gear-logo-gold-black-background.png\",\"width\":340,\"height\":340,\"caption\":\"Snap Photo Gear\"},\"image\":{\"@id\":\"https:\/\/snapphotogear.com\/fr\/#\/schema\/logo\/image\/\"},\"sameAs\":[\"https:\/\/www.facebook.com\/snapphotogear\",\"https:\/\/www.instagram.com\/snapphotogear\/\",\"https:\/\/www.youtube.com\/@snapphotogear\"]}]}<\/script>\n<!-- \/ Yoast SEO plugin. -->","yoast_head_json":{"title":"Snap Photo Gear - Snap Filter Adapter (Adaptateur de Filtre)","description":"L'adaptateur de filtre Snap de Snap Photo Gear est un accessoire fonctionnel et minimal pour t\u00e9l\u00e9phone qui permet de passer \u00e0 la vitesse sup\u00e9rieure en mati\u00e8re de photographie sur iPhone!","robots":{"index":"index","follow":"follow","max-snippet":"max-snippet:-1","max-image-preview":"max-image-preview:large","max-video-preview":"max-video-preview:-1"},"canonical":"https:\/\/snapphotogear.com\/fr\/","og_locale":"fr_FR","og_type":"article","og_title":"Snap Photo Gear - Snap Filter Adapter (Adaptateur de Filtre)","og_description":"L'adaptateur de filtre Snap de Snap Photo Gear est un accessoire fonctionnel et minimal pour t\u00e9l\u00e9phone qui permet de passer \u00e0 la vitesse sup\u00e9rieure en mati\u00e8re de photographie sur iPhone!","og_url":"https:\/\/snapphotogear.com\/fr\/","og_site_name":"Snap Photo Gear","article_publisher":"https:\/\/www.facebook.com\/snapphotogear","article_modified_time":"2024-12-14T14:16:32+00:00","og_image":[{"width":1200,"height":675,"url":"https:\/\/snapphotogear.com\/wp-content\/uploads\/2023\/07\/Snap-Photo-Gear-Social-Media-Featured-Image.jpg?wsr","type":"image\/jpeg"}],"twitter_card":"summary_large_image","schema":{"@context":"https:\/\/schema.org","@graph":[{"@type":"WebPage","@id":"https:\/\/snapphotogear.com\/fr\/","url":"https:\/\/snapphotogear.com\/fr\/","name":"Snap Photo Gear - Snap Filter Adapter (Adaptateur de Filtre)","isPartOf":{"@id":"https:\/\/snapphotogear.com\/fr\/#website"},"primaryImageOfPage":{"@id":"https:\/\/snapphotogear.com\/fr\/#primaryimage"},"image":{"@id":"https:\/\/snapphotogear.com\/fr\/#primaryimage"},"thumbnailUrl":"https:\/\/snapphotogear.com\/wp-content\/uploads\/2023\/07\/Snap-Photo-Gear-Social-Media-Featured-Image.jpg?wsr","datePublished":"2016-08-25T10:34:08+00:00","dateModified":"2024-12-14T14:16:32+00:00","description":"L'adaptateur de filtre Snap de Snap Photo Gear est un accessoire fonctionnel et minimal pour t\u00e9l\u00e9phone qui permet de passer \u00e0 la vitesse sup\u00e9rieure en mati\u00e8re de photographie sur iPhone!","breadcrumb":{"@id":"https:\/\/snapphotogear.com\/fr\/#breadcrumb"},"inLanguage":"fr-FR","potentialAction":[{"@type":"ReadAction","target":["https:\/\/snapphotogear.com\/fr\/"]}]},{"@type":"ImageObject","inLanguage":"fr-FR","@id":"https:\/\/snapphotogear.com\/fr\/#primaryimage","url":"https:\/\/snapphotogear.com\/wp-content\/uploads\/2023\/07\/Snap-Photo-Gear-Social-Media-Featured-Image.jpg?wsr","contentUrl":"https:\/\/snapphotogear.com\/wp-content\/uploads\/2023\/07\/Snap-Photo-Gear-Social-Media-Featured-Image.jpg?wsr","width":1200,"height":675},{"@type":"BreadcrumbList","@id":"https:\/\/snapphotogear.com\/fr\/#breadcrumb","itemListElement":[{"@type":"ListItem","position":1,"name":"Home","item":"https:\/\/snapphotogear.com\/fr\/"},{"@type":"ListItem","position":2,"name":"Accueil"}]},{"@type":"WebSite","@id":"https:\/\/snapphotogear.com\/fr\/#website","url":"https:\/\/snapphotogear.com\/fr\/","name":"Snap Photo Gear","description":"We design highly functional, yet minimal, iPhone accessories to take your mobile photography to the next level!","publisher":{"@id":"https:\/\/snapphotogear.com\/fr\/#organization"},"potentialAction":[{"@type":"SearchAction","target":{"@type":"EntryPoint","urlTemplate":"https:\/\/snapphotogear.com\/fr\/?s={search_term_string}"},"query-input":{"@type":"PropertyValueSpecification","valueRequired":true,"valueName":"search_term_string"}}],"inLanguage":"fr-FR"},{"@type":"Organization","@id":"https:\/\/snapphotogear.com\/fr\/#organization","name":"Snap Photo Gear","url":"https:\/\/snapphotogear.com\/fr\/","logo":{"@type":"ImageObject","inLanguage":"fr-FR","@id":"https:\/\/snapphotogear.com\/fr\/#\/schema\/logo\/image\/","url":"https:\/\/snapphotogear.com\/wp-content\/uploads\/2024\/03\/snap-photo-gear-logo-gold-black-background.png","contentUrl":"https:\/\/snapphotogear.com\/wp-content\/uploads\/2024\/03\/snap-photo-gear-logo-gold-black-background.png","width":340,"height":340,"caption":"Snap Photo Gear"},"image":{"@id":"https:\/\/snapphotogear.com\/fr\/#\/schema\/logo\/image\/"},"sameAs":["https:\/\/www.facebook.com\/snapphotogear","https:\/\/www.instagram.com\/snapphotogear\/","https:\/\/www.youtube.com\/@snapphotogear"]}]}},"_links":{"self":[{"href":"https:\/\/snapphotogear.com\/fr\/wp-json\/wp\/v2\/pages\/871","targetHints":{"allow":["GET"]}}],"collection":[{"href":"https:\/\/snapphotogear.com\/fr\/wp-json\/wp\/v2\/pages"}],"about":[{"href":"https:\/\/snapphotogear.com\/fr\/wp-json\/wp\/v2\/types\/page"}],"author":[{"embeddable":true,"href":"https:\/\/snapphotogear.com\/fr\/wp-json\/wp\/v2\/users\/1"}],"replies":[{"embeddable":true,"href":"https:\/\/snapphotogear.com\/fr\/wp-json\/wp\/v2\/comments?post=871"}],"version-history":[{"count":3,"href":"https:\/\/snapphotogear.com\/fr\/wp-json\/wp\/v2\/pages\/871\/revisions"}],"predecessor-version":[{"id":1044,"href":"https:\/\/snapphotogear.com\/fr\/wp-json\/wp\/v2\/pages\/871\/revisions\/1044"}],"wp:featuredmedia":[{"embeddable":true,"href":"https:\/\/snapphotogear.com\/fr\/wp-json\/wp\/v2\/media\/834"}],"wp:attachment":[{"href":"https:\/\/snapphotogear.com\/fr\/wp-json\/wp\/v2\/media?parent=871"}],"curies":[{"name":"wp","href":"https:\/\/api.w.org\/{rel}","templated":true}]}}