{"id":889,"date":"2016-08-30T08:58:08","date_gmt":"2016-08-30T08:58:08","guid":{"rendered":"https:\/\/snapphotogear.com\/a-propos-de-nous\/"},"modified":"2024-03-17T19:53:13","modified_gmt":"2024-03-17T19:53:13","slug":"a-propos-de-nous","status":"publish","type":"page","link":"https:\/\/snapphotogear.com\/fr\/a-propos-de-nous\/","title":{"rendered":"\u00c0 propos de nous"},"content":{"rendered":"<p><img width=\"128\" height=\"147\" src=\"https:\/\/snapphotogear.com\/wp-content\/uploads\/2023\/01\/snap-photo-gear-logo-gold-3x.png\" class=\"scale-with-grid\" alt=\"\" decoding=\"async\" loading=\"lazy\" style=\"\" srcset=\"https:\/\/snapphotogear.com\/wp-content\/uploads\/2023\/01\/snap-photo-gear-logo-gold-3x.png 128w, https:\/\/snapphotogear.com\/wp-content\/uploads\/2023\/01\/snap-photo-gear-logo-gold-3x-44x50.png 44w, https:\/\/snapphotogear.com\/wp-content\/uploads\/2023\/01\/snap-photo-gear-logo-gold-3x-65x75.png 65w\" sizes=\"auto, (max-width:767px) 128px, 128px\"><\/p>\n<h1>\u00c0 propos de Snap Photo Gear<\/h1>\n<p><img width=\"720\" height=\"893\" src=\"https:\/\/snapphotogear.com\/wp-content\/uploads\/2023\/05\/about-us-snap-photo-gear-slider-adaptor-with-gimbal.jpg\" class=\"scale-with-grid\" alt=\"\" decoding=\"async\" loading=\"lazy\" style=\"\" srcset=\"https:\/\/snapphotogear.com\/wp-content\/uploads\/2023\/05\/about-us-snap-photo-gear-slider-adaptor-with-gimbal.jpg 720w, https:\/\/snapphotogear.com\/wp-content\/uploads\/2023\/05\/about-us-snap-photo-gear-slider-adaptor-with-gimbal-242x300.jpg 242w, https:\/\/snapphotogear.com\/wp-content\/uploads\/2023\/05\/about-us-snap-photo-gear-slider-adaptor-with-gimbal-118x146.jpg 118w, https:\/\/snapphotogear.com\/wp-content\/uploads\/2023\/05\/about-us-snap-photo-gear-slider-adaptor-with-gimbal-40x50.jpg 40w, https:\/\/snapphotogear.com\/wp-content\/uploads\/2023\/05\/about-us-snap-photo-gear-slider-adaptor-with-gimbal-60x75.jpg 60w, https:\/\/snapphotogear.com\/wp-content\/uploads\/2023\/05\/about-us-snap-photo-gear-slider-adaptor-with-gimbal-480x595.jpg 480w\" sizes=\"auto, (max-width:767px) 480px, 720px\"><\/p>\n<p>Snap Photo Gear est une soci\u00e9t\u00e9 d&rsquo;accessoires de photographie mobile bas\u00e9e \u00e0 Montr\u00e9al, au Canada. Fond\u00e9e par une \u00e9quipe de passionn\u00e9s de photographie et de designers, notre passion est de fournir aux photographes les outils dont ils ont besoin pour prendre des photos et des vid\u00e9os \u00e9poustouflantes sur leurs appareils mobiles. Nos produits magnifiquement con\u00e7us sont fabriqu\u00e9s au Canada \u00e0 l&rsquo;aide de mat\u00e9riaux de la plus haute qualit\u00e9 et des technologies les plus r\u00e9centes. Nous nous engageons \u00e0 fournir un service client\u00e8le exceptionnel et \u00e0 soutenir la communaut\u00e9 de la photographie mobile dans le monde entier.<\/p>\n<h3>Notre mission<\/h3>\n<p>La mission de Snap Photo Gear est de permettre aux photographes mobiles du monde entier de capturer les moments les plus pr\u00e9cieux de la vie avec une qualit\u00e9 et une cr\u00e9ativit\u00e9 optimales. Nous nous consacrons \u00e0 la conception et \u00e0 la production d&rsquo;accessoires innovants qui am\u00e9liorent les fonctionnalit\u00e9s et les performances des appareils mobiles, permettant ainsi \u00e0 nos clients de prendre des photos et des vid\u00e9os \u00e9poustouflantes partout et \u00e0 tout moment.<\/p>\n<h3>Suivez-nous sur les m\u00e9dias sociaux<\/h3>\n<p style=\"font-size: 36px;\"><a href=\"https:\/\/www.instagram.com\/snapphotogear\" target=\"_blank\" rel=\"noopener\"><\/a><a href=\"https:\/\/www.youtube.com\/@snapphotogear\" target=\"_blank\" rel=\"noopener\"><\/a><a href=\"https:\/\/facebook.com\/snapphotogear\" target=\"_blank\" rel=\"noopener\"><\/a><a href=\"#\" target=\"_blank\" rel=\"noopener\"><\/a><\/p>\n","protected":false},"excerpt":{"rendered":"<p>\u00c0 propos de Snap Photo Gear Snap Photo Gear est une soci\u00e9t\u00e9 d&rsquo;accessoires de photographie mobile bas\u00e9e \u00e0 Montr\u00e9al, au Canada. Fond\u00e9e par une \u00e9quipe de<span class=\"excerpt-hellip\"> [\u2026]<\/span><\/p>\n","protected":false},"author":1,"featured_media":834,"parent":0,"menu_order":0,"comment_status":"open","ping_status":"closed","template":"","meta":{"footnotes":""},"class_list":["post-889","page","type-page","status-publish","has-post-thumbnail","hentry"],"yoast_head":"<!-- This site is optimized with the Yoast SEO plugin v27.2 - https:\/\/yoast.com\/product\/yoast-seo-wordpress\/ -->\n<title>\u00c0 propos de nous | Snap Photo Gear - Accessoires pour la photographie mobile<\/title>\n<meta name=\"description\" content=\"Pour en savoir plus sur Snap Photo Gear, accessoires de photographie mobile bas\u00e9s \u00e0 Montr\u00e9al. Cr\u00e9ez des photos et des vid\u00e9os \u00e9poustouflantes sur l&#039;iPhone.\" \/>\n<meta name=\"robots\" content=\"index, follow, max-snippet:-1, max-image-preview:large, max-video-preview:-1\" \/>\n<link rel=\"canonical\" href=\"https:\/\/snapphotogear.com\/fr\/a-propos-de-nous\/\" \/>\n<meta property=\"og:locale\" content=\"fr_FR\" \/>\n<meta property=\"og:type\" content=\"article\" \/>\n<meta property=\"og:title\" content=\"\u00c0 propos de nous | Snap Photo Gear - Accessoires pour la photographie mobile\" \/>\n<meta property=\"og:description\" content=\"Pour en savoir plus sur Snap Photo Gear, accessoires de photographie mobile bas\u00e9s \u00e0 Montr\u00e9al. Cr\u00e9ez des photos et des vid\u00e9os \u00e9poustouflantes sur l&#039;iPhone.\" \/>\n<meta property=\"og:url\" content=\"https:\/\/snapphotogear.com\/fr\/a-propos-de-nous\/\" \/>\n<meta property=\"og:site_name\" content=\"Snap Photo Gear\" \/>\n<meta property=\"article:publisher\" content=\"https:\/\/www.facebook.com\/snapphotogear\" \/>\n<meta property=\"article:modified_time\" content=\"2024-03-17T19:53:13+00:00\" \/>\n<meta property=\"og:image\" content=\"https:\/\/snapphotogear.com\/wp-content\/uploads\/2023\/07\/Snap-Photo-Gear-Social-Media-Featured-Image.jpg\" \/>\n\t<meta property=\"og:image:width\" content=\"1200\" \/>\n\t<meta property=\"og:image:height\" content=\"675\" \/>\n\t<meta property=\"og:image:type\" content=\"image\/jpeg\" \/>\n<meta name=\"twitter:card\" content=\"summary_large_image\" \/>\n<script type=\"application\/ld+json\" class=\"yoast-schema-graph\">{\"@context\":\"https:\/\/schema.org\",\"@graph\":[{\"@type\":\"WebPage\",\"@id\":\"https:\/\/snapphotogear.com\/fr\/a-propos-de-nous\/\",\"url\":\"https:\/\/snapphotogear.com\/fr\/a-propos-de-nous\/\",\"name\":\"\u00c0 propos de nous | Snap Photo Gear - Accessoires pour la photographie mobile\",\"isPartOf\":{\"@id\":\"https:\/\/snapphotogear.com\/fr\/#website\"},\"primaryImageOfPage\":{\"@id\":\"https:\/\/snapphotogear.com\/fr\/a-propos-de-nous\/#primaryimage\"},\"image\":{\"@id\":\"https:\/\/snapphotogear.com\/fr\/a-propos-de-nous\/#primaryimage\"},\"thumbnailUrl\":\"https:\/\/snapphotogear.com\/wp-content\/uploads\/2023\/07\/Snap-Photo-Gear-Social-Media-Featured-Image.jpg?wsr\",\"datePublished\":\"2016-08-30T08:58:08+00:00\",\"dateModified\":\"2024-03-17T19:53:13+00:00\",\"description\":\"Pour en savoir plus sur Snap Photo Gear, accessoires de photographie mobile bas\u00e9s \u00e0 Montr\u00e9al. Cr\u00e9ez des photos et des vid\u00e9os \u00e9poustouflantes sur l'iPhone.\",\"breadcrumb\":{\"@id\":\"https:\/\/snapphotogear.com\/fr\/a-propos-de-nous\/#breadcrumb\"},\"inLanguage\":\"fr-FR\",\"potentialAction\":[{\"@type\":\"ReadAction\",\"target\":[\"https:\/\/snapphotogear.com\/fr\/a-propos-de-nous\/\"]}]},{\"@type\":\"ImageObject\",\"inLanguage\":\"fr-FR\",\"@id\":\"https:\/\/snapphotogear.com\/fr\/a-propos-de-nous\/#primaryimage\",\"url\":\"https:\/\/snapphotogear.com\/wp-content\/uploads\/2023\/07\/Snap-Photo-Gear-Social-Media-Featured-Image.jpg?wsr\",\"contentUrl\":\"https:\/\/snapphotogear.com\/wp-content\/uploads\/2023\/07\/Snap-Photo-Gear-Social-Media-Featured-Image.jpg?wsr\",\"width\":1200,\"height\":675},{\"@type\":\"BreadcrumbList\",\"@id\":\"https:\/\/snapphotogear.com\/fr\/a-propos-de-nous\/#breadcrumb\",\"itemListElement\":[{\"@type\":\"ListItem\",\"position\":1,\"name\":\"Home\",\"item\":\"https:\/\/snapphotogear.com\/fr\/\"},{\"@type\":\"ListItem\",\"position\":2,\"name\":\"\u00c0 propos de nous\"}]},{\"@type\":\"WebSite\",\"@id\":\"https:\/\/snapphotogear.com\/fr\/#website\",\"url\":\"https:\/\/snapphotogear.com\/fr\/\",\"name\":\"Snap Photo Gear\",\"description\":\"We design highly functional, yet minimal, iPhone accessories to take your mobile photography to the next level!\",\"publisher\":{\"@id\":\"https:\/\/snapphotogear.com\/fr\/#organization\"},\"potentialAction\":[{\"@type\":\"SearchAction\",\"target\":{\"@type\":\"EntryPoint\",\"urlTemplate\":\"https:\/\/snapphotogear.com\/fr\/?s={search_term_string}\"},\"query-input\":{\"@type\":\"PropertyValueSpecification\",\"valueRequired\":true,\"valueName\":\"search_term_string\"}}],\"inLanguage\":\"fr-FR\"},{\"@type\":\"Organization\",\"@id\":\"https:\/\/snapphotogear.com\/fr\/#organization\",\"name\":\"Snap Photo Gear\",\"url\":\"https:\/\/snapphotogear.com\/fr\/\",\"logo\":{\"@type\":\"ImageObject\",\"inLanguage\":\"fr-FR\",\"@id\":\"https:\/\/snapphotogear.com\/fr\/#\/schema\/logo\/image\/\",\"url\":\"https:\/\/snapphotogear.com\/wp-content\/uploads\/2024\/03\/snap-photo-gear-logo-gold-black-background.png\",\"contentUrl\":\"https:\/\/snapphotogear.com\/wp-content\/uploads\/2024\/03\/snap-photo-gear-logo-gold-black-background.png\",\"width\":340,\"height\":340,\"caption\":\"Snap Photo Gear\"},\"image\":{\"@id\":\"https:\/\/snapphotogear.com\/fr\/#\/schema\/logo\/image\/\"},\"sameAs\":[\"https:\/\/www.facebook.com\/snapphotogear\",\"https:\/\/www.instagram.com\/snapphotogear\/\",\"https:\/\/www.youtube.com\/@snapphotogear\"]}]}<\/script>\n<!-- \/ Yoast SEO plugin. -->","yoast_head_json":{"title":"\u00c0 propos de nous | Snap Photo Gear - Accessoires pour la photographie mobile","description":"Pour en savoir plus sur Snap Photo Gear, accessoires de photographie mobile bas\u00e9s \u00e0 Montr\u00e9al. Cr\u00e9ez des photos et des vid\u00e9os \u00e9poustouflantes sur l'iPhone.","robots":{"index":"index","follow":"follow","max-snippet":"max-snippet:-1","max-image-preview":"max-image-preview:large","max-video-preview":"max-video-preview:-1"},"canonical":"https:\/\/snapphotogear.com\/fr\/a-propos-de-nous\/","og_locale":"fr_FR","og_type":"article","og_title":"\u00c0 propos de nous | Snap Photo Gear - Accessoires pour la photographie mobile","og_description":"Pour en savoir plus sur Snap Photo Gear, accessoires de photographie mobile bas\u00e9s \u00e0 Montr\u00e9al. Cr\u00e9ez des photos et des vid\u00e9os \u00e9poustouflantes sur l'iPhone.","og_url":"https:\/\/snapphotogear.com\/fr\/a-propos-de-nous\/","og_site_name":"Snap Photo Gear","article_publisher":"https:\/\/www.facebook.com\/snapphotogear","article_modified_time":"2024-03-17T19:53:13+00:00","og_image":[{"width":1200,"height":675,"url":"https:\/\/snapphotogear.com\/wp-content\/uploads\/2023\/07\/Snap-Photo-Gear-Social-Media-Featured-Image.jpg","type":"image\/jpeg"}],"twitter_card":"summary_large_image","schema":{"@context":"https:\/\/schema.org","@graph":[{"@type":"WebPage","@id":"https:\/\/snapphotogear.com\/fr\/a-propos-de-nous\/","url":"https:\/\/snapphotogear.com\/fr\/a-propos-de-nous\/","name":"\u00c0 propos de nous | Snap Photo Gear - Accessoires pour la photographie mobile","isPartOf":{"@id":"https:\/\/snapphotogear.com\/fr\/#website"},"primaryImageOfPage":{"@id":"https:\/\/snapphotogear.com\/fr\/a-propos-de-nous\/#primaryimage"},"image":{"@id":"https:\/\/snapphotogear.com\/fr\/a-propos-de-nous\/#primaryimage"},"thumbnailUrl":"https:\/\/snapphotogear.com\/wp-content\/uploads\/2023\/07\/Snap-Photo-Gear-Social-Media-Featured-Image.jpg?wsr","datePublished":"2016-08-30T08:58:08+00:00","dateModified":"2024-03-17T19:53:13+00:00","description":"Pour en savoir plus sur Snap Photo Gear, accessoires de photographie mobile bas\u00e9s \u00e0 Montr\u00e9al. Cr\u00e9ez des photos et des vid\u00e9os \u00e9poustouflantes sur l'iPhone.","breadcrumb":{"@id":"https:\/\/snapphotogear.com\/fr\/a-propos-de-nous\/#breadcrumb"},"inLanguage":"fr-FR","potentialAction":[{"@type":"ReadAction","target":["https:\/\/snapphotogear.com\/fr\/a-propos-de-nous\/"]}]},{"@type":"ImageObject","inLanguage":"fr-FR","@id":"https:\/\/snapphotogear.com\/fr\/a-propos-de-nous\/#primaryimage","url":"https:\/\/snapphotogear.com\/wp-content\/uploads\/2023\/07\/Snap-Photo-Gear-Social-Media-Featured-Image.jpg?wsr","contentUrl":"https:\/\/snapphotogear.com\/wp-content\/uploads\/2023\/07\/Snap-Photo-Gear-Social-Media-Featured-Image.jpg?wsr","width":1200,"height":675},{"@type":"BreadcrumbList","@id":"https:\/\/snapphotogear.com\/fr\/a-propos-de-nous\/#breadcrumb","itemListElement":[{"@type":"ListItem","position":1,"name":"Home","item":"https:\/\/snapphotogear.com\/fr\/"},{"@type":"ListItem","position":2,"name":"\u00c0 propos de nous"}]},{"@type":"WebSite","@id":"https:\/\/snapphotogear.com\/fr\/#website","url":"https:\/\/snapphotogear.com\/fr\/","name":"Snap Photo Gear","description":"We design highly functional, yet minimal, iPhone accessories to take your mobile photography to the next level!","publisher":{"@id":"https:\/\/snapphotogear.com\/fr\/#organization"},"potentialAction":[{"@type":"SearchAction","target":{"@type":"EntryPoint","urlTemplate":"https:\/\/snapphotogear.com\/fr\/?s={search_term_string}"},"query-input":{"@type":"PropertyValueSpecification","valueRequired":true,"valueName":"search_term_string"}}],"inLanguage":"fr-FR"},{"@type":"Organization","@id":"https:\/\/snapphotogear.com\/fr\/#organization","name":"Snap Photo Gear","url":"https:\/\/snapphotogear.com\/fr\/","logo":{"@type":"ImageObject","inLanguage":"fr-FR","@id":"https:\/\/snapphotogear.com\/fr\/#\/schema\/logo\/image\/","url":"https:\/\/snapphotogear.com\/wp-content\/uploads\/2024\/03\/snap-photo-gear-logo-gold-black-background.png","contentUrl":"https:\/\/snapphotogear.com\/wp-content\/uploads\/2024\/03\/snap-photo-gear-logo-gold-black-background.png","width":340,"height":340,"caption":"Snap Photo Gear"},"image":{"@id":"https:\/\/snapphotogear.com\/fr\/#\/schema\/logo\/image\/"},"sameAs":["https:\/\/www.facebook.com\/snapphotogear","https:\/\/www.instagram.com\/snapphotogear\/","https:\/\/www.youtube.com\/@snapphotogear"]}]}},"_links":{"self":[{"href":"https:\/\/snapphotogear.com\/fr\/wp-json\/wp\/v2\/pages\/889","targetHints":{"allow":["GET"]}}],"collection":[{"href":"https:\/\/snapphotogear.com\/fr\/wp-json\/wp\/v2\/pages"}],"about":[{"href":"https:\/\/snapphotogear.com\/fr\/wp-json\/wp\/v2\/types\/page"}],"author":[{"embeddable":true,"href":"https:\/\/snapphotogear.com\/fr\/wp-json\/wp\/v2\/users\/1"}],"replies":[{"embeddable":true,"href":"https:\/\/snapphotogear.com\/fr\/wp-json\/wp\/v2\/comments?post=889"}],"version-history":[{"count":1,"href":"https:\/\/snapphotogear.com\/fr\/wp-json\/wp\/v2\/pages\/889\/revisions"}],"predecessor-version":[{"id":951,"href":"https:\/\/snapphotogear.com\/fr\/wp-json\/wp\/v2\/pages\/889\/revisions\/951"}],"wp:featuredmedia":[{"embeddable":true,"href":"https:\/\/snapphotogear.com\/fr\/wp-json\/wp\/v2\/media\/834"}],"wp:attachment":[{"href":"https:\/\/snapphotogear.com\/fr\/wp-json\/wp\/v2\/media?parent=889"}],"curies":[{"name":"wp","href":"https:\/\/api.w.org\/{rel}","templated":true}]}}