{"id":904,"date":"2023-01-16T16:09:16","date_gmt":"2023-01-16T16:09:16","guid":{"rendered":"https:\/\/snapphotogear.com\/politique-de-confidentialite\/"},"modified":"2024-03-11T17:33:58","modified_gmt":"2024-03-11T17:33:58","slug":"politique-de-confidentialite","status":"publish","type":"page","link":"https:\/\/snapphotogear.com\/fr\/politique-de-confidentialite\/","title":{"rendered":"Politique de confidentialit\u00e9"},"content":{"rendered":"\n<h3 class=\"wp-block-heading\">Introduction<\/h3>\n\n<p>Snap Photo Gear exploite le site web https:\/\/snapphotogear.com.<\/p>\n\n<p>Cette page vous informe de nos politiques concernant la collecte, l&rsquo;utilisation et la divulgation d&rsquo;informations personnelles lorsque vous utilisez notre service.<\/p>\n\n<p>Nous n&rsquo;utiliserons ni ne partagerons vos informations avec qui que ce soit, sauf dans les cas d\u00e9crits dans la pr\u00e9sente politique de confidentialit\u00e9.<\/p>\n\n<p>Nous utilisons vos informations personnelles pour fournir et am\u00e9liorer le service. En utilisant le service, vous acceptez la collecte et l&rsquo;utilisation d&rsquo;informations conform\u00e9ment \u00e0 la pr\u00e9sente politique.<\/p>\n\n<h3 class=\"wp-block-heading\">Collecte et utilisation des informations<\/h3>\n\n<p>Lors de l&rsquo;utilisation de notre service, nous pouvons vous demander de nous fournir certaines informations personnellement identifiables qui peuvent \u00eatre utilis\u00e9es pour vous contacter ou vous identifier. Les informations personnellement identifiables peuvent inclure, sans s&rsquo;y limiter, votre nom, votre adresse \u00e9lectronique, votre adresse postale et votre num\u00e9ro de t\u00e9l\u00e9phone (\u00ab\u00a0informations personnelles\u00a0\u00bb).<\/p>\n\n<h3 class=\"wp-block-heading\">Donn\u00e9es du journal<\/h3>\n\n<p>Comme de nombreux op\u00e9rateurs de sites, nous collectons des informations que votre navigateur envoie lorsque vous visitez notre service (\u00ab\u00a0donn\u00e9es de connexion\u00a0\u00bb).<\/p>\n\n<p>Ces donn\u00e9es de journal peuvent inclure des informations telles que l&rsquo;adresse de protocole Internet (\u00ab\u00a0IP\u00a0\u00bb) de votre ordinateur, le type de navigateur, la version du navigateur, les pages de notre service que vous visitez, l&rsquo;heure et la date de votre visite, le temps pass\u00e9 sur ces pages et d&rsquo;autres statistiques.<\/p>\n\n<h3 class=\"wp-block-heading\">Cookies<\/h3>\n\n<p>Les cookies sont des fichiers contenant une petite quantit\u00e9 de donn\u00e9es, qui peuvent inclure un identifiant unique anonyme. Les cookies sont envoy\u00e9s \u00e0 votre navigateur par un site web et stock\u00e9s sur le disque dur de votre ordinateur.<\/p>\n\n<p>Nous utilisons des \u00ab\u00a0cookies\u00a0\u00bb pour collecter des informations. Vous pouvez configurer votre navigateur pour qu&rsquo;il refuse tous les cookies ou pour qu&rsquo;il vous indique quand un cookie est envoy\u00e9. Toutefois, si vous n&rsquo;acceptez pas les cookies, il se peut que vous ne puissiez pas utiliser certaines parties de notre service.<\/p>\n\n<h3 class=\"wp-block-heading\">Prestataires de services<\/h3>\n\n<p>Nous pouvons faire appel \u00e0 des soci\u00e9t\u00e9s et des personnes tierces pour faciliter notre service, pour fournir le service en notre nom, pour fournir des services li\u00e9s au service ou pour nous aider \u00e0 analyser la mani\u00e8re dont notre service est utilis\u00e9.<\/p>\n\n<p>Ces tiers n&rsquo;ont acc\u00e8s \u00e0 vos informations personnelles que pour effectuer ces t\u00e2ches en notre nom et sont tenus de ne pas les divulguer ou les utiliser \u00e0 d&rsquo;autres fins.<\/p>\n\n<h3 class=\"wp-block-heading\">S\u00e9curit\u00e9<\/h3>\n\n<p>La s\u00e9curit\u00e9 de vos informations personnelles est importante pour nous et nous nous effor\u00e7ons de mettre en \u0153uvre et de maintenir des proc\u00e9dures et des pratiques de s\u00e9curit\u00e9 raisonnables, commercialement acceptables et adapt\u00e9es \u00e0 la nature des informations que nous stockons, afin de les prot\u00e9ger contre l&rsquo;acc\u00e8s, la destruction, l&rsquo;utilisation, la modification ou la divulgation non autoris\u00e9s.<\/p>\n\n<p>Toutefois, sachez qu&rsquo;aucune m\u00e9thode de transmission sur l&rsquo;internet ou de stockage \u00e9lectronique n&rsquo;est s\u00fbre \u00e0 100 % et que nous ne pouvons pas garantir la s\u00e9curit\u00e9 absolue des informations personnelles que nous avons collect\u00e9es aupr\u00e8s de vous.<\/p>\n\n<h3 class=\"wp-block-heading\">Liens vers d&rsquo;autres sites<\/h3>\n\n<p>Notre service peut contenir des liens vers d&rsquo;autres sites qui ne sont pas exploit\u00e9s par nous. Si vous cliquez sur le lien d&rsquo;un tiers, vous serez dirig\u00e9 vers le site de ce tiers. Nous vous conseillons vivement de consulter la politique de confidentialit\u00e9 de chaque site que vous visitez.<\/p>\n\n<p>Nous n&rsquo;avons aucun contr\u00f4le sur le contenu, les politiques de confidentialit\u00e9 ou les pratiques des sites ou services tiers et n&rsquo;assumons aucune responsabilit\u00e9 \u00e0 cet \u00e9gard.<\/p>\n\n<h3 class=\"wp-block-heading\">Vie priv\u00e9e des enfants<\/h3>\n\n<p>Notre service ne s&rsquo;adresse pas aux personnes \u00e2g\u00e9es de moins de 18 ans (\u00ab\u00a0enfants\u00a0\u00bb).<\/p>\n\n<p>Nous ne recueillons pas sciemment d&rsquo;informations personnellement identifiables aupr\u00e8s d&rsquo;enfants de moins de 18 ans. Si vous \u00eates un parent ou un tuteur et que vous savez que votre enfant nous a fourni des informations personnelles, veuillez nous contacter. Si nous d\u00e9couvrons qu&rsquo;un enfant de moins de 18 ans nous a fourni des informations personnelles, nous supprimerons imm\u00e9diatement ces informations de nos serveurs.<\/p>\n\n<h3 class=\"wp-block-heading\">Modifications de la pr\u00e9sente politique de confidentialit\u00e9<\/h3>\n\n<p>Nous pouvons mettre \u00e0 jour notre politique de confidentialit\u00e9 de temps \u00e0 autre. Nous vous informerons de toute modification en publiant la nouvelle politique de confidentialit\u00e9 sur cette page.<\/p>\n\n<p>Il vous est conseill\u00e9 de consulter r\u00e9guli\u00e8rement la pr\u00e9sente politique de confidentialit\u00e9 pour prendre connaissance des \u00e9ventuelles modifications. Les modifications apport\u00e9es \u00e0 la pr\u00e9sente politique de protection de la vie priv\u00e9e entrent en vigueur au moment o\u00f9 elles sont publi\u00e9es sur cette page.<\/p>\n","protected":false},"excerpt":{"rendered":"<p>Introduction Snap Photo Gear exploite le site web https:\/\/snapphotogear.com. Cette page vous informe de nos politiques concernant la collecte, l&rsquo;utilisation et la divulgation d&rsquo;informations personnelles lorsque<span class=\"excerpt-hellip\"> [\u2026]<\/span><\/p>\n","protected":false},"author":1,"featured_media":0,"parent":0,"menu_order":0,"comment_status":"closed","ping_status":"closed","template":"","meta":{"footnotes":""},"class_list":["post-904","page","type-page","status-publish","hentry"],"yoast_head":"<!-- This site is optimized with the Yoast SEO plugin v27.2 - https:\/\/yoast.com\/product\/yoast-seo-wordpress\/ -->\n<title>Politique de confidentialit\u00e9 - Snap Photo Gear<\/title>\n<meta name=\"description\" content=\"We design highly functional, yet minimal, iPhone accessories to take your mobile photography to the next level!\" \/>\n<meta name=\"robots\" content=\"index, follow, max-snippet:-1, max-image-preview:large, max-video-preview:-1\" \/>\n<link rel=\"canonical\" href=\"https:\/\/snapphotogear.com\/fr\/politique-de-confidentialite\/\" \/>\n<meta property=\"og:locale\" content=\"fr_FR\" \/>\n<meta property=\"og:type\" content=\"article\" \/>\n<meta property=\"og:title\" content=\"Politique de confidentialit\u00e9 - Snap Photo Gear\" \/>\n<meta property=\"og:description\" content=\"We design highly functional, yet minimal, iPhone accessories to take your mobile photography to the next level!\" \/>\n<meta property=\"og:url\" content=\"https:\/\/snapphotogear.com\/fr\/politique-de-confidentialite\/\" \/>\n<meta property=\"og:site_name\" content=\"Snap Photo Gear\" \/>\n<meta property=\"article:publisher\" content=\"https:\/\/www.facebook.com\/snapphotogear\" \/>\n<meta property=\"article:modified_time\" content=\"2024-03-11T17:33:58+00:00\" \/>\n<meta property=\"og:image\" content=\"https:\/\/snapphotogear.com\/wp-content\/uploads\/2024\/04\/Snap-Photo-Gear-Social-Media-Featured-Image.jpg?wsr\" \/>\n\t<meta property=\"og:image:width\" content=\"1200\" \/>\n\t<meta property=\"og:image:height\" content=\"675\" \/>\n\t<meta property=\"og:image:type\" content=\"image\/jpeg\" \/>\n<meta name=\"twitter:card\" content=\"summary_large_image\" \/>\n<script type=\"application\/ld+json\" class=\"yoast-schema-graph\">{\"@context\":\"https:\/\/schema.org\",\"@graph\":[{\"@type\":\"WebPage\",\"@id\":\"https:\/\/snapphotogear.com\/fr\/politique-de-confidentialite\/\",\"url\":\"https:\/\/snapphotogear.com\/fr\/politique-de-confidentialite\/\",\"name\":\"Politique de confidentialit\u00e9 - Snap Photo Gear\",\"isPartOf\":{\"@id\":\"https:\/\/snapphotogear.com\/fr\/#website\"},\"datePublished\":\"2023-01-16T16:09:16+00:00\",\"dateModified\":\"2024-03-11T17:33:58+00:00\",\"description\":\"We design highly functional, yet minimal, iPhone accessories to take your mobile photography to the next level!\",\"breadcrumb\":{\"@id\":\"https:\/\/snapphotogear.com\/fr\/politique-de-confidentialite\/#breadcrumb\"},\"inLanguage\":\"fr-FR\",\"potentialAction\":[{\"@type\":\"ReadAction\",\"target\":[\"https:\/\/snapphotogear.com\/fr\/politique-de-confidentialite\/\"]}]},{\"@type\":\"BreadcrumbList\",\"@id\":\"https:\/\/snapphotogear.com\/fr\/politique-de-confidentialite\/#breadcrumb\",\"itemListElement\":[{\"@type\":\"ListItem\",\"position\":1,\"name\":\"Home\",\"item\":\"https:\/\/snapphotogear.com\/fr\/\"},{\"@type\":\"ListItem\",\"position\":2,\"name\":\"Politique de confidentialit\u00e9\"}]},{\"@type\":\"WebSite\",\"@id\":\"https:\/\/snapphotogear.com\/fr\/#website\",\"url\":\"https:\/\/snapphotogear.com\/fr\/\",\"name\":\"Snap Photo Gear\",\"description\":\"We design highly functional, yet minimal, iPhone accessories to take your mobile photography to the next level!\",\"publisher\":{\"@id\":\"https:\/\/snapphotogear.com\/fr\/#organization\"},\"potentialAction\":[{\"@type\":\"SearchAction\",\"target\":{\"@type\":\"EntryPoint\",\"urlTemplate\":\"https:\/\/snapphotogear.com\/fr\/?s={search_term_string}\"},\"query-input\":{\"@type\":\"PropertyValueSpecification\",\"valueRequired\":true,\"valueName\":\"search_term_string\"}}],\"inLanguage\":\"fr-FR\"},{\"@type\":\"Organization\",\"@id\":\"https:\/\/snapphotogear.com\/fr\/#organization\",\"name\":\"Snap Photo Gear\",\"url\":\"https:\/\/snapphotogear.com\/fr\/\",\"logo\":{\"@type\":\"ImageObject\",\"inLanguage\":\"fr-FR\",\"@id\":\"https:\/\/snapphotogear.com\/fr\/#\/schema\/logo\/image\/\",\"url\":\"https:\/\/snapphotogear.com\/wp-content\/uploads\/2024\/03\/snap-photo-gear-logo-gold-black-background.png\",\"contentUrl\":\"https:\/\/snapphotogear.com\/wp-content\/uploads\/2024\/03\/snap-photo-gear-logo-gold-black-background.png\",\"width\":340,\"height\":340,\"caption\":\"Snap Photo Gear\"},\"image\":{\"@id\":\"https:\/\/snapphotogear.com\/fr\/#\/schema\/logo\/image\/\"},\"sameAs\":[\"https:\/\/www.facebook.com\/snapphotogear\",\"https:\/\/www.instagram.com\/snapphotogear\/\",\"https:\/\/www.youtube.com\/@snapphotogear\"]}]}<\/script>\n<!-- \/ Yoast SEO plugin. -->","yoast_head_json":{"title":"Politique de confidentialit\u00e9 - Snap Photo Gear","description":"We design highly functional, yet minimal, iPhone accessories to take your mobile photography to the next level!","robots":{"index":"index","follow":"follow","max-snippet":"max-snippet:-1","max-image-preview":"max-image-preview:large","max-video-preview":"max-video-preview:-1"},"canonical":"https:\/\/snapphotogear.com\/fr\/politique-de-confidentialite\/","og_locale":"fr_FR","og_type":"article","og_title":"Politique de confidentialit\u00e9 - Snap Photo Gear","og_description":"We design highly functional, yet minimal, iPhone accessories to take your mobile photography to the next level!","og_url":"https:\/\/snapphotogear.com\/fr\/politique-de-confidentialite\/","og_site_name":"Snap Photo Gear","article_publisher":"https:\/\/www.facebook.com\/snapphotogear","article_modified_time":"2024-03-11T17:33:58+00:00","og_image":[{"width":1200,"height":675,"url":"https:\/\/snapphotogear.com\/wp-content\/uploads\/2024\/04\/Snap-Photo-Gear-Social-Media-Featured-Image.jpg?wsr","type":"image\/jpeg"}],"twitter_card":"summary_large_image","schema":{"@context":"https:\/\/schema.org","@graph":[{"@type":"WebPage","@id":"https:\/\/snapphotogear.com\/fr\/politique-de-confidentialite\/","url":"https:\/\/snapphotogear.com\/fr\/politique-de-confidentialite\/","name":"Politique de confidentialit\u00e9 - Snap Photo Gear","isPartOf":{"@id":"https:\/\/snapphotogear.com\/fr\/#website"},"datePublished":"2023-01-16T16:09:16+00:00","dateModified":"2024-03-11T17:33:58+00:00","description":"We design highly functional, yet minimal, iPhone accessories to take your mobile photography to the next level!","breadcrumb":{"@id":"https:\/\/snapphotogear.com\/fr\/politique-de-confidentialite\/#breadcrumb"},"inLanguage":"fr-FR","potentialAction":[{"@type":"ReadAction","target":["https:\/\/snapphotogear.com\/fr\/politique-de-confidentialite\/"]}]},{"@type":"BreadcrumbList","@id":"https:\/\/snapphotogear.com\/fr\/politique-de-confidentialite\/#breadcrumb","itemListElement":[{"@type":"ListItem","position":1,"name":"Home","item":"https:\/\/snapphotogear.com\/fr\/"},{"@type":"ListItem","position":2,"name":"Politique de confidentialit\u00e9"}]},{"@type":"WebSite","@id":"https:\/\/snapphotogear.com\/fr\/#website","url":"https:\/\/snapphotogear.com\/fr\/","name":"Snap Photo Gear","description":"We design highly functional, yet minimal, iPhone accessories to take your mobile photography to the next level!","publisher":{"@id":"https:\/\/snapphotogear.com\/fr\/#organization"},"potentialAction":[{"@type":"SearchAction","target":{"@type":"EntryPoint","urlTemplate":"https:\/\/snapphotogear.com\/fr\/?s={search_term_string}"},"query-input":{"@type":"PropertyValueSpecification","valueRequired":true,"valueName":"search_term_string"}}],"inLanguage":"fr-FR"},{"@type":"Organization","@id":"https:\/\/snapphotogear.com\/fr\/#organization","name":"Snap Photo Gear","url":"https:\/\/snapphotogear.com\/fr\/","logo":{"@type":"ImageObject","inLanguage":"fr-FR","@id":"https:\/\/snapphotogear.com\/fr\/#\/schema\/logo\/image\/","url":"https:\/\/snapphotogear.com\/wp-content\/uploads\/2024\/03\/snap-photo-gear-logo-gold-black-background.png","contentUrl":"https:\/\/snapphotogear.com\/wp-content\/uploads\/2024\/03\/snap-photo-gear-logo-gold-black-background.png","width":340,"height":340,"caption":"Snap Photo Gear"},"image":{"@id":"https:\/\/snapphotogear.com\/fr\/#\/schema\/logo\/image\/"},"sameAs":["https:\/\/www.facebook.com\/snapphotogear","https:\/\/www.instagram.com\/snapphotogear\/","https:\/\/www.youtube.com\/@snapphotogear"]}]}},"_links":{"self":[{"href":"https:\/\/snapphotogear.com\/fr\/wp-json\/wp\/v2\/pages\/904","targetHints":{"allow":["GET"]}}],"collection":[{"href":"https:\/\/snapphotogear.com\/fr\/wp-json\/wp\/v2\/pages"}],"about":[{"href":"https:\/\/snapphotogear.com\/fr\/wp-json\/wp\/v2\/types\/page"}],"author":[{"embeddable":true,"href":"https:\/\/snapphotogear.com\/fr\/wp-json\/wp\/v2\/users\/1"}],"replies":[{"embeddable":true,"href":"https:\/\/snapphotogear.com\/fr\/wp-json\/wp\/v2\/comments?post=904"}],"version-history":[{"count":2,"href":"https:\/\/snapphotogear.com\/fr\/wp-json\/wp\/v2\/pages\/904\/revisions"}],"predecessor-version":[{"id":906,"href":"https:\/\/snapphotogear.com\/fr\/wp-json\/wp\/v2\/pages\/904\/revisions\/906"}],"wp:attachment":[{"href":"https:\/\/snapphotogear.com\/fr\/wp-json\/wp\/v2\/media?parent=904"}],"curies":[{"name":"wp","href":"https:\/\/api.w.org\/{rel}","templated":true}]}}