{"id":907,"date":"2023-01-16T16:06:38","date_gmt":"2023-01-16T16:06:38","guid":{"rendered":"https:\/\/snapphotogear.com\/conditions-generales-dutilisation\/"},"modified":"2024-03-11T17:33:58","modified_gmt":"2024-03-11T17:33:58","slug":"conditions-generales-dutilisation","status":"publish","type":"page","link":"https:\/\/snapphotogear.com\/fr\/conditions-generales-dutilisation\/","title":{"rendered":"Conditions g\u00e9n\u00e9rales d&rsquo;utilisation"},"content":{"rendered":"\n<h3 class=\"wp-block-heading\">Introduction<\/h3>\n\n<p>Les pr\u00e9sentes conditions g\u00e9n\u00e9rales r\u00e9gissent votre utilisation du site web Snap Photo Gear et l&rsquo;achat de tout produit sur le site web. En utilisant le site web et\/ou en passant une commande, vous confirmez que vous acceptez ces conditions et que vous vous engagez \u00e0 les respecter. Si vous n&rsquo;acceptez pas ces conditions, vous ne devez pas utiliser le site web ou passer une commande.<\/p>\n\n<h3 class=\"wp-block-heading\">Processus de commande<\/h3>\n\n<p>Vous pouvez passer commande de produits sur le site web en suivant les instructions qui y figurent. Toutes les commandes sont soumises \u00e0 notre acceptation et nous vous confirmerons cette acceptation en vous envoyant un courrier \u00e9lectronique confirmant que le produit a \u00e9t\u00e9 exp\u00e9di\u00e9.  <\/p>\n\n<h3 class=\"wp-block-heading\">Prix et disponibilit\u00e9<\/h3>\n\n<p>Tous les prix sont exprim\u00e9s en USD et incluent les taxes applicables. Les prix des produits et les frais de livraison applicables sont ceux indiqu\u00e9s sur le site web au moment o\u00f9 vous passez votre commande. Nous prendrons toutes les pr\u00e9cautions raisonnables pour nous assurer que tous les d\u00e9tails, descriptions et prix des produits apparaissant sur le site web sont exacts. Toutefois, nous ne garantissons pas qu&rsquo;ils soient exempts d&rsquo;erreurs. Si nous d\u00e9couvrons une erreur dans le prix d&rsquo;un produit que vous avez command\u00e9, nous vous en informerons d\u00e8s que possible et vous donnerons la possibilit\u00e9 de reconfirmer votre commande au prix correct ou de l&rsquo;annuler. Si nous ne parvenons pas \u00e0 vous contacter, la commande sera consid\u00e9r\u00e9e comme annul\u00e9e.<\/p>\n\n<h3 class=\"wp-block-heading\">Paiement<\/h3>\n\n<p>Le paiement des produits et des \u00e9ventuels frais de livraison doit \u00eatre effectu\u00e9 en totalit\u00e9 avant l&rsquo;exp\u00e9dition des produits. Nous acceptons les paiements par les principales cartes de cr\u00e9dit et par PayPal.<\/p>\n\n<h3 class=\"wp-block-heading\">Livraison<\/h3>\n\n<p>Nous livrerons les produits \u00e0 l&rsquo;adresse que vous aurez indiqu\u00e9e lors de votre commande. Nous ferons tout ce qui est raisonnablement possible pour respecter la date de livraison convenue. En tout \u00e9tat de cause, le d\u00e9lai de livraison n&rsquo;est pas une condition essentielle et nous ne pouvons \u00eatre tenus responsables des pertes, co\u00fbts, dommages ou d\u00e9penses encourus par vous ou par un tiers et r\u00e9sultant directement ou indirectement du non-respect d&rsquo;une date de livraison estim\u00e9e.<\/p>\n\n<h3 class=\"wp-block-heading\">Limitation de la responsabilit\u00e9<\/h3>\n\n<p>Notre responsabilit\u00e9 envers vous en ce qui concerne tout produit achet\u00e9 sur le site web est strictement limit\u00e9e au prix d&rsquo;achat de ce produit.<\/p>\n\n<h3 class=\"wp-block-heading\">Droit applicable et juridiction<\/h3>\n\n<p>Les pr\u00e9sentes conditions g\u00e9n\u00e9rales sont r\u00e9gies et interpr\u00e9t\u00e9es conform\u00e9ment aux lois du Canada. Tout litige li\u00e9 aux pr\u00e9sentes conditions g\u00e9n\u00e9rales rel\u00e8ve de la comp\u00e9tence exclusive des tribunaux canadiens.<\/p>\n\n<h3 class=\"wp-block-heading\">Int\u00e9gralit\u00e9 de l&rsquo;accord<\/h3>\n\n<p>Les pr\u00e9sentes conditions g\u00e9n\u00e9rales, ainsi que les prix en vigueur sur notre site web, les d\u00e9tails de livraison, les coordonn\u00e9es et la politique de confidentialit\u00e9, d\u00e9finissent l&rsquo;ensemble de notre accord relatif \u00e0 la fourniture des produits par nos soins.<\/p>\n\n<p>Nous contacter Si vous avez des questions ou des pr\u00e9occupations concernant le site web ou les pr\u00e9sentes conditions g\u00e9n\u00e9rales, veuillez nous contacter \u00e0 l&rsquo;adresse support@snapphotogear.com.<\/p>\n","protected":false},"excerpt":{"rendered":"<p>Introduction Les pr\u00e9sentes conditions g\u00e9n\u00e9rales r\u00e9gissent votre utilisation du site web Snap Photo Gear et l&rsquo;achat de tout produit sur le site web. En utilisant le<span class=\"excerpt-hellip\"> [\u2026]<\/span><\/p>\n","protected":false},"author":1,"featured_media":0,"parent":0,"menu_order":0,"comment_status":"closed","ping_status":"closed","template":"","meta":{"footnotes":""},"class_list":["post-907","page","type-page","status-publish","hentry"],"yoast_head":"<!-- This site is optimized with the Yoast SEO plugin v27.2 - https:\/\/yoast.com\/product\/yoast-seo-wordpress\/ -->\n<title>Conditions g\u00e9n\u00e9rales d&#039;utilisation - Snap Photo Gear<\/title>\n<meta name=\"description\" content=\"We design highly functional, yet minimal, iPhone accessories to take your mobile photography to the next level!\" \/>\n<meta name=\"robots\" content=\"index, follow, max-snippet:-1, max-image-preview:large, max-video-preview:-1\" \/>\n<link rel=\"canonical\" href=\"https:\/\/snapphotogear.com\/fr\/conditions-generales-dutilisation\/\" \/>\n<meta property=\"og:locale\" content=\"fr_FR\" \/>\n<meta property=\"og:type\" content=\"article\" \/>\n<meta property=\"og:title\" content=\"Conditions g\u00e9n\u00e9rales d&#039;utilisation - Snap Photo Gear\" \/>\n<meta property=\"og:description\" content=\"We design highly functional, yet minimal, iPhone accessories to take your mobile photography to the next level!\" \/>\n<meta property=\"og:url\" content=\"https:\/\/snapphotogear.com\/fr\/conditions-generales-dutilisation\/\" \/>\n<meta property=\"og:site_name\" content=\"Snap Photo Gear\" \/>\n<meta property=\"article:publisher\" content=\"https:\/\/www.facebook.com\/snapphotogear\" \/>\n<meta property=\"article:modified_time\" content=\"2024-03-11T17:33:58+00:00\" \/>\n<meta property=\"og:image\" content=\"https:\/\/snapphotogear.com\/wp-content\/uploads\/2024\/04\/Snap-Photo-Gear-Social-Media-Featured-Image.jpg?wsr\" \/>\n\t<meta property=\"og:image:width\" content=\"1200\" \/>\n\t<meta property=\"og:image:height\" content=\"675\" \/>\n\t<meta property=\"og:image:type\" content=\"image\/jpeg\" \/>\n<meta name=\"twitter:card\" content=\"summary_large_image\" \/>\n<script type=\"application\/ld+json\" class=\"yoast-schema-graph\">{\"@context\":\"https:\/\/schema.org\",\"@graph\":[{\"@type\":\"WebPage\",\"@id\":\"https:\/\/snapphotogear.com\/fr\/conditions-generales-dutilisation\/\",\"url\":\"https:\/\/snapphotogear.com\/fr\/conditions-generales-dutilisation\/\",\"name\":\"Conditions g\u00e9n\u00e9rales d'utilisation - Snap Photo Gear\",\"isPartOf\":{\"@id\":\"https:\/\/snapphotogear.com\/fr\/#website\"},\"datePublished\":\"2023-01-16T16:06:38+00:00\",\"dateModified\":\"2024-03-11T17:33:58+00:00\",\"description\":\"We design highly functional, yet minimal, iPhone accessories to take your mobile photography to the next level!\",\"breadcrumb\":{\"@id\":\"https:\/\/snapphotogear.com\/fr\/conditions-generales-dutilisation\/#breadcrumb\"},\"inLanguage\":\"fr-FR\",\"potentialAction\":[{\"@type\":\"ReadAction\",\"target\":[\"https:\/\/snapphotogear.com\/fr\/conditions-generales-dutilisation\/\"]}]},{\"@type\":\"BreadcrumbList\",\"@id\":\"https:\/\/snapphotogear.com\/fr\/conditions-generales-dutilisation\/#breadcrumb\",\"itemListElement\":[{\"@type\":\"ListItem\",\"position\":1,\"name\":\"Home\",\"item\":\"https:\/\/snapphotogear.com\/fr\/\"},{\"@type\":\"ListItem\",\"position\":2,\"name\":\"Conditions g\u00e9n\u00e9rales d&#8217;utilisation\"}]},{\"@type\":\"WebSite\",\"@id\":\"https:\/\/snapphotogear.com\/fr\/#website\",\"url\":\"https:\/\/snapphotogear.com\/fr\/\",\"name\":\"Snap Photo Gear\",\"description\":\"We design highly functional, yet minimal, iPhone accessories to take your mobile photography to the next level!\",\"publisher\":{\"@id\":\"https:\/\/snapphotogear.com\/fr\/#organization\"},\"potentialAction\":[{\"@type\":\"SearchAction\",\"target\":{\"@type\":\"EntryPoint\",\"urlTemplate\":\"https:\/\/snapphotogear.com\/fr\/?s={search_term_string}\"},\"query-input\":{\"@type\":\"PropertyValueSpecification\",\"valueRequired\":true,\"valueName\":\"search_term_string\"}}],\"inLanguage\":\"fr-FR\"},{\"@type\":\"Organization\",\"@id\":\"https:\/\/snapphotogear.com\/fr\/#organization\",\"name\":\"Snap Photo Gear\",\"url\":\"https:\/\/snapphotogear.com\/fr\/\",\"logo\":{\"@type\":\"ImageObject\",\"inLanguage\":\"fr-FR\",\"@id\":\"https:\/\/snapphotogear.com\/fr\/#\/schema\/logo\/image\/\",\"url\":\"https:\/\/snapphotogear.com\/wp-content\/uploads\/2024\/03\/snap-photo-gear-logo-gold-black-background.png\",\"contentUrl\":\"https:\/\/snapphotogear.com\/wp-content\/uploads\/2024\/03\/snap-photo-gear-logo-gold-black-background.png\",\"width\":340,\"height\":340,\"caption\":\"Snap Photo Gear\"},\"image\":{\"@id\":\"https:\/\/snapphotogear.com\/fr\/#\/schema\/logo\/image\/\"},\"sameAs\":[\"https:\/\/www.facebook.com\/snapphotogear\",\"https:\/\/www.instagram.com\/snapphotogear\/\",\"https:\/\/www.youtube.com\/@snapphotogear\"]}]}<\/script>\n<!-- \/ Yoast SEO plugin. -->","yoast_head_json":{"title":"Conditions g\u00e9n\u00e9rales d'utilisation - Snap Photo Gear","description":"We design highly functional, yet minimal, iPhone accessories to take your mobile photography to the next level!","robots":{"index":"index","follow":"follow","max-snippet":"max-snippet:-1","max-image-preview":"max-image-preview:large","max-video-preview":"max-video-preview:-1"},"canonical":"https:\/\/snapphotogear.com\/fr\/conditions-generales-dutilisation\/","og_locale":"fr_FR","og_type":"article","og_title":"Conditions g\u00e9n\u00e9rales d'utilisation - Snap Photo Gear","og_description":"We design highly functional, yet minimal, iPhone accessories to take your mobile photography to the next level!","og_url":"https:\/\/snapphotogear.com\/fr\/conditions-generales-dutilisation\/","og_site_name":"Snap Photo Gear","article_publisher":"https:\/\/www.facebook.com\/snapphotogear","article_modified_time":"2024-03-11T17:33:58+00:00","og_image":[{"width":1200,"height":675,"url":"https:\/\/snapphotogear.com\/wp-content\/uploads\/2024\/04\/Snap-Photo-Gear-Social-Media-Featured-Image.jpg?wsr","type":"image\/jpeg"}],"twitter_card":"summary_large_image","schema":{"@context":"https:\/\/schema.org","@graph":[{"@type":"WebPage","@id":"https:\/\/snapphotogear.com\/fr\/conditions-generales-dutilisation\/","url":"https:\/\/snapphotogear.com\/fr\/conditions-generales-dutilisation\/","name":"Conditions g\u00e9n\u00e9rales d'utilisation - Snap Photo Gear","isPartOf":{"@id":"https:\/\/snapphotogear.com\/fr\/#website"},"datePublished":"2023-01-16T16:06:38+00:00","dateModified":"2024-03-11T17:33:58+00:00","description":"We design highly functional, yet minimal, iPhone accessories to take your mobile photography to the next level!","breadcrumb":{"@id":"https:\/\/snapphotogear.com\/fr\/conditions-generales-dutilisation\/#breadcrumb"},"inLanguage":"fr-FR","potentialAction":[{"@type":"ReadAction","target":["https:\/\/snapphotogear.com\/fr\/conditions-generales-dutilisation\/"]}]},{"@type":"BreadcrumbList","@id":"https:\/\/snapphotogear.com\/fr\/conditions-generales-dutilisation\/#breadcrumb","itemListElement":[{"@type":"ListItem","position":1,"name":"Home","item":"https:\/\/snapphotogear.com\/fr\/"},{"@type":"ListItem","position":2,"name":"Conditions g\u00e9n\u00e9rales d&#8217;utilisation"}]},{"@type":"WebSite","@id":"https:\/\/snapphotogear.com\/fr\/#website","url":"https:\/\/snapphotogear.com\/fr\/","name":"Snap Photo Gear","description":"We design highly functional, yet minimal, iPhone accessories to take your mobile photography to the next level!","publisher":{"@id":"https:\/\/snapphotogear.com\/fr\/#organization"},"potentialAction":[{"@type":"SearchAction","target":{"@type":"EntryPoint","urlTemplate":"https:\/\/snapphotogear.com\/fr\/?s={search_term_string}"},"query-input":{"@type":"PropertyValueSpecification","valueRequired":true,"valueName":"search_term_string"}}],"inLanguage":"fr-FR"},{"@type":"Organization","@id":"https:\/\/snapphotogear.com\/fr\/#organization","name":"Snap Photo Gear","url":"https:\/\/snapphotogear.com\/fr\/","logo":{"@type":"ImageObject","inLanguage":"fr-FR","@id":"https:\/\/snapphotogear.com\/fr\/#\/schema\/logo\/image\/","url":"https:\/\/snapphotogear.com\/wp-content\/uploads\/2024\/03\/snap-photo-gear-logo-gold-black-background.png","contentUrl":"https:\/\/snapphotogear.com\/wp-content\/uploads\/2024\/03\/snap-photo-gear-logo-gold-black-background.png","width":340,"height":340,"caption":"Snap Photo Gear"},"image":{"@id":"https:\/\/snapphotogear.com\/fr\/#\/schema\/logo\/image\/"},"sameAs":["https:\/\/www.facebook.com\/snapphotogear","https:\/\/www.instagram.com\/snapphotogear\/","https:\/\/www.youtube.com\/@snapphotogear"]}]}},"_links":{"self":[{"href":"https:\/\/snapphotogear.com\/fr\/wp-json\/wp\/v2\/pages\/907","targetHints":{"allow":["GET"]}}],"collection":[{"href":"https:\/\/snapphotogear.com\/fr\/wp-json\/wp\/v2\/pages"}],"about":[{"href":"https:\/\/snapphotogear.com\/fr\/wp-json\/wp\/v2\/types\/page"}],"author":[{"embeddable":true,"href":"https:\/\/snapphotogear.com\/fr\/wp-json\/wp\/v2\/users\/1"}],"replies":[{"embeddable":true,"href":"https:\/\/snapphotogear.com\/fr\/wp-json\/wp\/v2\/comments?post=907"}],"version-history":[{"count":2,"href":"https:\/\/snapphotogear.com\/fr\/wp-json\/wp\/v2\/pages\/907\/revisions"}],"predecessor-version":[{"id":909,"href":"https:\/\/snapphotogear.com\/fr\/wp-json\/wp\/v2\/pages\/907\/revisions\/909"}],"wp:attachment":[{"href":"https:\/\/snapphotogear.com\/fr\/wp-json\/wp\/v2\/media?parent=907"}],"curies":[{"name":"wp","href":"https:\/\/api.w.org\/{rel}","templated":true}]}}