{"id":1099,"date":"2024-12-04T16:25:50","date_gmt":"2024-12-04T16:25:50","guid":{"rendered":"https:\/\/snapphotogear.com\/?post_type=product&#038;p=1099"},"modified":"2025-07-25T13:59:12","modified_gmt":"2025-07-25T13:59:12","slug":"adaptateur-de-filtre-snap-pour-iphone","status":"publish","type":"product","link":"https:\/\/snapphotogear.com\/fr\/produit\/adaptateur-de-filtre-snap-pour-iphone\/","title":{"rendered":"Kit de photographie de tatouage"},"content":{"rendered":"<p>Le kit de photographie de tatouage Snap Photo Gear est sp\u00e9cialement con\u00e7u pour les tatoueurs qui souhaitent capturer la v\u00e9ritable beaut\u00e9 de leurs \u0153uvres.<\/p>\n<p><strong>Le kit comprend<\/strong><\/p>\n<ul>\n<li>Le populaire adaptateur de filtre Snap qui se lie rapidement \u00e0 votre iPhone via Magsafe et peut \u00eatre utilis\u00e9 directement sur votre t\u00e9l\u00e9phone ou avec la plupart des \u00e9tuis de t\u00e9l\u00e9phone compatibles avec Magsafe.<\/li>\n<li>Le Tattoo Photography Polarized Fill Light est une solution de poche avec un film polarisant int\u00e9gr\u00e9. Il \u00e9limine les reflets et permet aux tatoueurs de capturer avec pr\u00e9cision la beaut\u00e9 de leur travail.<\/li>\n<li>Le filtre polariseur circulaire (CPL) de 58 mm.<\/li>\n<\/ul>\n<p>Tout ce dont vous avez besoin dans votre sac pour commencer !<\/p>\n<p><strong>Suivez ces liens pour plus d&rsquo;informations :<\/strong><br \/>\n<a href=\"https:\/\/snapphotogear.com\/2024\/12\/4-tips-to-enhance-tattoo-photography-with-the-iphone\/\">4 conseils pour am\u00e9liorer la photographie de tatouage avec l&rsquo;iPhone<\/a><\/p>\n","protected":false},"excerpt":{"rendered":"<p>Le kit de photographie de tatouage Snap Photo Gear est sp\u00e9cialement con\u00e7u pour les tatoueurs qui souhaitent capturer la v\u00e9ritable beaut\u00e9 de leurs \u0153uvres.<\/p>\n","protected":false},"featured_media":1091,"comment_status":"open","ping_status":"closed","template":"","meta":[],"product_brand":[],"product_cat":[76],"product_tag":[],"class_list":{"0":"post-1099","1":"product","2":"type-product","3":"status-publish","4":"has-post-thumbnail","6":"product_cat-materiel-de-photographie","7":"product_shipping_class-engrenages","9":"first","10":"instock","11":"taxable","12":"shipping-taxable","13":"purchasable","14":"product-type-variable"},"yoast_head":"<!-- This site is optimized with the Yoast SEO plugin v27.2 - https:\/\/yoast.com\/product\/yoast-seo-wordpress\/ -->\n<title>Kit de photographie de tatouage<\/title>\n<meta name=\"description\" content=\"Le kit de photographie de tatouage Snap Photo Gear est sp\u00e9cialement con\u00e7u pour les tatoueurs qui souhaitent capturer la v\u00e9ritable beaut\u00e9 de leurs \u0153uvres.\" \/>\n<meta name=\"robots\" content=\"index, follow, max-snippet:-1, max-image-preview:large, max-video-preview:-1\" \/>\n<link rel=\"canonical\" href=\"https:\/\/snapphotogear.com\/fr\/produit\/adaptateur-de-filtre-snap-pour-iphone\/\" \/>\n<meta property=\"og:locale\" content=\"fr_FR\" \/>\n<meta property=\"og:type\" content=\"article\" \/>\n<meta property=\"og:title\" content=\"Kit de photographie de tatouage\" \/>\n<meta property=\"og:description\" content=\"Le kit de photographie de tatouage Snap Photo Gear est sp\u00e9cialement con\u00e7u pour les tatoueurs qui souhaitent capturer la v\u00e9ritable beaut\u00e9 de leurs \u0153uvres.\" \/>\n<meta property=\"og:url\" content=\"https:\/\/snapphotogear.com\/fr\/produit\/adaptateur-de-filtre-snap-pour-iphone\/\" \/>\n<meta property=\"og:site_name\" content=\"Snap Photo Gear\" \/>\n<meta property=\"article:publisher\" content=\"https:\/\/www.facebook.com\/snapphotogear\" \/>\n<meta property=\"article:modified_time\" content=\"2025-07-25T13:59:12+00:00\" \/>\n<meta property=\"og:image\" content=\"https:\/\/snapphotogear.com\/wp-content\/uploads\/2024\/12\/product-tattoo-photography-fill-light-snap-photo-gear-full-package.jpg?wsr\" \/>\n\t<meta property=\"og:image:width\" content=\"1000\" \/>\n\t<meta property=\"og:image:height\" content=\"746\" \/>\n\t<meta property=\"og:image:type\" content=\"image\/jpeg\" \/>\n<meta name=\"twitter:card\" content=\"summary_large_image\" \/>\n<script type=\"application\/ld+json\" class=\"yoast-schema-graph\">{\"@context\":\"https:\/\/schema.org\",\"@graph\":[{\"@type\":[\"WebPage\",\"ItemPage\"],\"@id\":\"https:\/\/snapphotogear.com\/fr\/produit\/adaptateur-de-filtre-snap-pour-iphone\/\",\"url\":\"https:\/\/snapphotogear.com\/fr\/produit\/adaptateur-de-filtre-snap-pour-iphone\/\",\"name\":\"Kit de photographie de tatouage\",\"isPartOf\":{\"@id\":\"https:\/\/snapphotogear.com\/fr\/#website\"},\"primaryImageOfPage\":{\"@id\":\"https:\/\/snapphotogear.com\/fr\/produit\/adaptateur-de-filtre-snap-pour-iphone\/#primaryimage\"},\"image\":{\"@id\":\"https:\/\/snapphotogear.com\/fr\/produit\/adaptateur-de-filtre-snap-pour-iphone\/#primaryimage\"},\"thumbnailUrl\":\"https:\/\/snapphotogear.com\/wp-content\/uploads\/2024\/12\/product-tattoo-photography-fill-light-snap-photo-gear-full-package.jpg?wsr\",\"datePublished\":\"2024-12-04T16:25:50+00:00\",\"dateModified\":\"2025-07-25T13:59:12+00:00\",\"description\":\"Le kit de photographie de tatouage Snap Photo Gear est sp\u00e9cialement con\u00e7u pour les tatoueurs qui souhaitent capturer la v\u00e9ritable beaut\u00e9 de leurs \u0153uvres.\",\"breadcrumb\":{\"@id\":\"https:\/\/snapphotogear.com\/fr\/produit\/adaptateur-de-filtre-snap-pour-iphone\/#breadcrumb\"},\"inLanguage\":\"fr-FR\",\"potentialAction\":[{\"@type\":\"ReadAction\",\"target\":[\"https:\/\/snapphotogear.com\/fr\/produit\/adaptateur-de-filtre-snap-pour-iphone\/\"]}]},{\"@type\":\"ImageObject\",\"inLanguage\":\"fr-FR\",\"@id\":\"https:\/\/snapphotogear.com\/fr\/produit\/adaptateur-de-filtre-snap-pour-iphone\/#primaryimage\",\"url\":\"https:\/\/snapphotogear.com\/wp-content\/uploads\/2024\/12\/product-tattoo-photography-fill-light-snap-photo-gear-full-package.jpg?wsr\",\"contentUrl\":\"https:\/\/snapphotogear.com\/wp-content\/uploads\/2024\/12\/product-tattoo-photography-fill-light-snap-photo-gear-full-package.jpg?wsr\",\"width\":1000,\"height\":746,\"caption\":\"tattoo photography fill light snap photo gear full package\"},{\"@type\":\"BreadcrumbList\",\"@id\":\"https:\/\/snapphotogear.com\/fr\/produit\/adaptateur-de-filtre-snap-pour-iphone\/#breadcrumb\",\"itemListElement\":[{\"@type\":\"ListItem\",\"position\":1,\"name\":\"Home\",\"item\":\"https:\/\/snapphotogear.com\/fr\/\"},{\"@type\":\"ListItem\",\"position\":2,\"name\":\"Magasiner\",\"item\":\"https:\/\/snapphotogear.com\/fr\/boutique\/\"},{\"@type\":\"ListItem\",\"position\":3,\"name\":\"Kit de photographie de tatouage\"}]},{\"@type\":\"WebSite\",\"@id\":\"https:\/\/snapphotogear.com\/fr\/#website\",\"url\":\"https:\/\/snapphotogear.com\/fr\/\",\"name\":\"Snap Photo Gear\",\"description\":\"We design highly functional, yet minimal, iPhone accessories to take your mobile photography to the next level!\",\"publisher\":{\"@id\":\"https:\/\/snapphotogear.com\/fr\/#organization\"},\"potentialAction\":[{\"@type\":\"SearchAction\",\"target\":{\"@type\":\"EntryPoint\",\"urlTemplate\":\"https:\/\/snapphotogear.com\/fr\/?s={search_term_string}\"},\"query-input\":{\"@type\":\"PropertyValueSpecification\",\"valueRequired\":true,\"valueName\":\"search_term_string\"}}],\"inLanguage\":\"fr-FR\"},{\"@type\":\"Organization\",\"@id\":\"https:\/\/snapphotogear.com\/fr\/#organization\",\"name\":\"Snap Photo Gear\",\"url\":\"https:\/\/snapphotogear.com\/fr\/\",\"logo\":{\"@type\":\"ImageObject\",\"inLanguage\":\"fr-FR\",\"@id\":\"https:\/\/snapphotogear.com\/fr\/#\/schema\/logo\/image\/\",\"url\":\"https:\/\/snapphotogear.com\/wp-content\/uploads\/2024\/03\/snap-photo-gear-logo-gold-black-background.png\",\"contentUrl\":\"https:\/\/snapphotogear.com\/wp-content\/uploads\/2024\/03\/snap-photo-gear-logo-gold-black-background.png\",\"width\":340,\"height\":340,\"caption\":\"Snap Photo Gear\"},\"image\":{\"@id\":\"https:\/\/snapphotogear.com\/fr\/#\/schema\/logo\/image\/\"},\"sameAs\":[\"https:\/\/www.facebook.com\/snapphotogear\",\"https:\/\/www.instagram.com\/snapphotogear\/\",\"https:\/\/www.youtube.com\/@snapphotogear\"]}]}<\/script>\n<!-- \/ Yoast SEO plugin. -->","yoast_head_json":{"title":"Kit de photographie de tatouage","description":"Le kit de photographie de tatouage Snap Photo Gear est sp\u00e9cialement con\u00e7u pour les tatoueurs qui souhaitent capturer la v\u00e9ritable beaut\u00e9 de leurs \u0153uvres.","robots":{"index":"index","follow":"follow","max-snippet":"max-snippet:-1","max-image-preview":"max-image-preview:large","max-video-preview":"max-video-preview:-1"},"canonical":"https:\/\/snapphotogear.com\/fr\/produit\/adaptateur-de-filtre-snap-pour-iphone\/","og_locale":"fr_FR","og_type":"article","og_title":"Kit de photographie de tatouage","og_description":"Le kit de photographie de tatouage Snap Photo Gear est sp\u00e9cialement con\u00e7u pour les tatoueurs qui souhaitent capturer la v\u00e9ritable beaut\u00e9 de leurs \u0153uvres.","og_url":"https:\/\/snapphotogear.com\/fr\/produit\/adaptateur-de-filtre-snap-pour-iphone\/","og_site_name":"Snap Photo Gear","article_publisher":"https:\/\/www.facebook.com\/snapphotogear","article_modified_time":"2025-07-25T13:59:12+00:00","og_image":[{"width":1000,"height":746,"url":"https:\/\/snapphotogear.com\/wp-content\/uploads\/2024\/12\/product-tattoo-photography-fill-light-snap-photo-gear-full-package.jpg?wsr","type":"image\/jpeg"}],"twitter_card":"summary_large_image","schema":{"@context":"https:\/\/schema.org","@graph":[{"@type":["WebPage","ItemPage"],"@id":"https:\/\/snapphotogear.com\/fr\/produit\/adaptateur-de-filtre-snap-pour-iphone\/","url":"https:\/\/snapphotogear.com\/fr\/produit\/adaptateur-de-filtre-snap-pour-iphone\/","name":"Kit de photographie de tatouage","isPartOf":{"@id":"https:\/\/snapphotogear.com\/fr\/#website"},"primaryImageOfPage":{"@id":"https:\/\/snapphotogear.com\/fr\/produit\/adaptateur-de-filtre-snap-pour-iphone\/#primaryimage"},"image":{"@id":"https:\/\/snapphotogear.com\/fr\/produit\/adaptateur-de-filtre-snap-pour-iphone\/#primaryimage"},"thumbnailUrl":"https:\/\/snapphotogear.com\/wp-content\/uploads\/2024\/12\/product-tattoo-photography-fill-light-snap-photo-gear-full-package.jpg?wsr","datePublished":"2024-12-04T16:25:50+00:00","dateModified":"2025-07-25T13:59:12+00:00","description":"Le kit de photographie de tatouage Snap Photo Gear est sp\u00e9cialement con\u00e7u pour les tatoueurs qui souhaitent capturer la v\u00e9ritable beaut\u00e9 de leurs \u0153uvres.","breadcrumb":{"@id":"https:\/\/snapphotogear.com\/fr\/produit\/adaptateur-de-filtre-snap-pour-iphone\/#breadcrumb"},"inLanguage":"fr-FR","potentialAction":[{"@type":"ReadAction","target":["https:\/\/snapphotogear.com\/fr\/produit\/adaptateur-de-filtre-snap-pour-iphone\/"]}]},{"@type":"ImageObject","inLanguage":"fr-FR","@id":"https:\/\/snapphotogear.com\/fr\/produit\/adaptateur-de-filtre-snap-pour-iphone\/#primaryimage","url":"https:\/\/snapphotogear.com\/wp-content\/uploads\/2024\/12\/product-tattoo-photography-fill-light-snap-photo-gear-full-package.jpg?wsr","contentUrl":"https:\/\/snapphotogear.com\/wp-content\/uploads\/2024\/12\/product-tattoo-photography-fill-light-snap-photo-gear-full-package.jpg?wsr","width":1000,"height":746,"caption":"tattoo photography fill light snap photo gear full package"},{"@type":"BreadcrumbList","@id":"https:\/\/snapphotogear.com\/fr\/produit\/adaptateur-de-filtre-snap-pour-iphone\/#breadcrumb","itemListElement":[{"@type":"ListItem","position":1,"name":"Home","item":"https:\/\/snapphotogear.com\/fr\/"},{"@type":"ListItem","position":2,"name":"Magasiner","item":"https:\/\/snapphotogear.com\/fr\/boutique\/"},{"@type":"ListItem","position":3,"name":"Kit de photographie de tatouage"}]},{"@type":"WebSite","@id":"https:\/\/snapphotogear.com\/fr\/#website","url":"https:\/\/snapphotogear.com\/fr\/","name":"Snap Photo Gear","description":"We design highly functional, yet minimal, iPhone accessories to take your mobile photography to the next level!","publisher":{"@id":"https:\/\/snapphotogear.com\/fr\/#organization"},"potentialAction":[{"@type":"SearchAction","target":{"@type":"EntryPoint","urlTemplate":"https:\/\/snapphotogear.com\/fr\/?s={search_term_string}"},"query-input":{"@type":"PropertyValueSpecification","valueRequired":true,"valueName":"search_term_string"}}],"inLanguage":"fr-FR"},{"@type":"Organization","@id":"https:\/\/snapphotogear.com\/fr\/#organization","name":"Snap Photo Gear","url":"https:\/\/snapphotogear.com\/fr\/","logo":{"@type":"ImageObject","inLanguage":"fr-FR","@id":"https:\/\/snapphotogear.com\/fr\/#\/schema\/logo\/image\/","url":"https:\/\/snapphotogear.com\/wp-content\/uploads\/2024\/03\/snap-photo-gear-logo-gold-black-background.png","contentUrl":"https:\/\/snapphotogear.com\/wp-content\/uploads\/2024\/03\/snap-photo-gear-logo-gold-black-background.png","width":340,"height":340,"caption":"Snap Photo Gear"},"image":{"@id":"https:\/\/snapphotogear.com\/fr\/#\/schema\/logo\/image\/"},"sameAs":["https:\/\/www.facebook.com\/snapphotogear","https:\/\/www.instagram.com\/snapphotogear\/","https:\/\/www.youtube.com\/@snapphotogear"]}]}},"_links":{"self":[{"href":"https:\/\/snapphotogear.com\/fr\/wp-json\/wp\/v2\/product\/1099","targetHints":{"allow":["GET"]}}],"collection":[{"href":"https:\/\/snapphotogear.com\/fr\/wp-json\/wp\/v2\/product"}],"about":[{"href":"https:\/\/snapphotogear.com\/fr\/wp-json\/wp\/v2\/types\/product"}],"replies":[{"embeddable":true,"href":"https:\/\/snapphotogear.com\/fr\/wp-json\/wp\/v2\/comments?post=1099"}],"wp:featuredmedia":[{"embeddable":true,"href":"https:\/\/snapphotogear.com\/fr\/wp-json\/wp\/v2\/media\/1091"}],"wp:attachment":[{"href":"https:\/\/snapphotogear.com\/fr\/wp-json\/wp\/v2\/media?parent=1099"}],"wp:term":[{"taxonomy":"product_brand","embeddable":true,"href":"https:\/\/snapphotogear.com\/fr\/wp-json\/wp\/v2\/product_brand?post=1099"},{"taxonomy":"product_cat","embeddable":true,"href":"https:\/\/snapphotogear.com\/fr\/wp-json\/wp\/v2\/product_cat?post=1099"},{"taxonomy":"product_tag","embeddable":true,"href":"https:\/\/snapphotogear.com\/fr\/wp-json\/wp\/v2\/product_tag?post=1099"}],"curies":[{"name":"wp","href":"https:\/\/api.w.org\/{rel}","templated":true}]}}