{"id":1122,"date":"2024-12-06T19:09:07","date_gmt":"2024-12-06T19:09:07","guid":{"rendered":"https:\/\/snapphotogear.com\/product\/tattoo-photography-polarized-fill-light-lumiere-dappoint-polarisee\/"},"modified":"2024-12-06T19:09:07","modified_gmt":"2024-12-06T19:09:07","slug":"tattoo-photography-polarized-fill-light-lumiere-dappoint-polarisee","status":"publish","type":"product","link":"https:\/\/snapphotogear.com\/fr\/produit\/tattoo-photography-polarized-fill-light-lumiere-dappoint-polarisee\/","title":{"rendered":"Tattoo Photography Polarized Fill Light (lumi\u00e8re d&rsquo;appoint polaris\u00e9e)"},"content":{"rendered":"<p>Le Tattoo Photography Polarized Fill Light est une solution de poche con\u00e7ue pour la photographie de tatouage. Avec un film polarisant int\u00e9gr\u00e9, elle \u00e9limine les reflets et permet aux tatoueurs de capturer avec pr\u00e9cision la beaut\u00e9 de leur travail. Sa temp\u00e9rature de couleur r\u00e9glable vous permet de passer en toute transparence des tons chauds aux tons froids, tandis que la luminosit\u00e9 personnalisable garantit la bonne quantit\u00e9 de lumi\u00e8re pour chaque prise de vue. Rechargeable via USB-C, elle est toujours pr\u00eate \u00e0 l&#8217;emploi, et son design compact permet de la transporter partout. Le Tattoo Photography Fill Light est le compagnon id\u00e9al de l&rsquo;<a href=\"https:\/\/snapphotogear.com\/product\/snap-filter-adapter\/\">adaptateur de filtre Snap<\/a>, qui vous permet d&rsquo;utiliser des filtres photographiques avec votre iPhone.   <\/p>\n","protected":false},"excerpt":{"rendered":"<p>Le Tattoo Photography Polarized Fill Light est une solution de poche con\u00e7ue pour la photographie de tatouage. Avec un film polarisant int\u00e9gr\u00e9, elle \u00e9limine les reflets et permet aux tatoueurs de capturer avec pr\u00e9cision la beaut\u00e9 de leur travail. <\/p>\n","protected":false},"featured_media":1083,"comment_status":"open","ping_status":"closed","template":"","meta":[],"product_brand":[],"product_cat":[76],"product_tag":[],"class_list":{"0":"post-1122","1":"product","2":"type-product","3":"status-publish","4":"has-post-thumbnail","6":"product_cat-materiel-de-photographie","7":"product_shipping_class-engrenages","9":"first","10":"instock","11":"taxable","12":"shipping-taxable","13":"purchasable","14":"product-type-simple"},"yoast_head":"<!-- This site is optimized with the Yoast SEO plugin v27.2 - https:\/\/yoast.com\/product\/yoast-seo-wordpress\/ -->\n<title>Tattoo Photography Polarized Fill Light (lumi\u00e8re d&#039;appoint polaris\u00e9e) - Snap Photo Gear<\/title>\n<meta name=\"description\" content=\"Le Tattoo Photography Polarized Fill Light a \u00e9t\u00e9 con\u00e7u pour la photographie de tatouage. Gr\u00e2ce \u00e0 la polarisation int\u00e9gr\u00e9e, les tatoueurs peuvent capturer la beaut\u00e9 de leur travail.\" \/>\n<meta name=\"robots\" content=\"index, follow, max-snippet:-1, max-image-preview:large, max-video-preview:-1\" \/>\n<link rel=\"canonical\" href=\"https:\/\/snapphotogear.com\/fr\/produit\/tattoo-photography-polarized-fill-light-lumiere-dappoint-polarisee\/\" \/>\n<meta property=\"og:locale\" content=\"fr_FR\" \/>\n<meta property=\"og:type\" content=\"article\" \/>\n<meta property=\"og:title\" content=\"Tattoo Photography Polarized Fill Light (lumi\u00e8re d&#039;appoint polaris\u00e9e) - Snap Photo Gear\" \/>\n<meta property=\"og:description\" content=\"Le Tattoo Photography Polarized Fill Light a \u00e9t\u00e9 con\u00e7u pour la photographie de tatouage. Gr\u00e2ce \u00e0 la polarisation int\u00e9gr\u00e9e, les tatoueurs peuvent capturer la beaut\u00e9 de leur travail.\" \/>\n<meta property=\"og:url\" content=\"https:\/\/snapphotogear.com\/fr\/produit\/tattoo-photography-polarized-fill-light-lumiere-dappoint-polarisee\/\" \/>\n<meta property=\"og:site_name\" content=\"Snap Photo Gear\" \/>\n<meta property=\"article:publisher\" content=\"https:\/\/www.facebook.com\/snapphotogear\" \/>\n<meta property=\"og:image\" content=\"https:\/\/snapphotogear.com\/wp-content\/uploads\/2023\/01\/product-tattoo-photography-fill-light.jpg?wsr\" \/>\n\t<meta property=\"og:image:width\" content=\"1000\" \/>\n\t<meta property=\"og:image:height\" content=\"746\" \/>\n\t<meta property=\"og:image:type\" content=\"image\/jpeg\" \/>\n<meta name=\"twitter:card\" content=\"summary_large_image\" \/>\n<script type=\"application\/ld+json\" class=\"yoast-schema-graph\">{\"@context\":\"https:\/\/schema.org\",\"@graph\":[{\"@type\":[\"WebPage\",\"ItemPage\"],\"@id\":\"https:\/\/snapphotogear.com\/fr\/produit\/tattoo-photography-polarized-fill-light-lumiere-dappoint-polarisee\/\",\"url\":\"https:\/\/snapphotogear.com\/fr\/produit\/tattoo-photography-polarized-fill-light-lumiere-dappoint-polarisee\/\",\"name\":\"Tattoo Photography Polarized Fill Light (lumi\u00e8re d'appoint polaris\u00e9e) - Snap Photo Gear\",\"isPartOf\":{\"@id\":\"https:\/\/snapphotogear.com\/fr\/#website\"},\"primaryImageOfPage\":{\"@id\":\"https:\/\/snapphotogear.com\/fr\/produit\/tattoo-photography-polarized-fill-light-lumiere-dappoint-polarisee\/#primaryimage\"},\"image\":{\"@id\":\"https:\/\/snapphotogear.com\/fr\/produit\/tattoo-photography-polarized-fill-light-lumiere-dappoint-polarisee\/#primaryimage\"},\"thumbnailUrl\":\"https:\/\/snapphotogear.com\/wp-content\/uploads\/2023\/01\/product-tattoo-photography-fill-light.jpg?wsr\",\"datePublished\":\"2024-12-06T19:09:07+00:00\",\"description\":\"Le Tattoo Photography Polarized Fill Light a \u00e9t\u00e9 con\u00e7u pour la photographie de tatouage. Gr\u00e2ce \u00e0 la polarisation int\u00e9gr\u00e9e, les tatoueurs peuvent capturer la beaut\u00e9 de leur travail.\",\"breadcrumb\":{\"@id\":\"https:\/\/snapphotogear.com\/fr\/produit\/tattoo-photography-polarized-fill-light-lumiere-dappoint-polarisee\/#breadcrumb\"},\"inLanguage\":\"fr-FR\",\"potentialAction\":[{\"@type\":\"ReadAction\",\"target\":[\"https:\/\/snapphotogear.com\/fr\/produit\/tattoo-photography-polarized-fill-light-lumiere-dappoint-polarisee\/\"]}]},{\"@type\":\"ImageObject\",\"inLanguage\":\"fr-FR\",\"@id\":\"https:\/\/snapphotogear.com\/fr\/produit\/tattoo-photography-polarized-fill-light-lumiere-dappoint-polarisee\/#primaryimage\",\"url\":\"https:\/\/snapphotogear.com\/wp-content\/uploads\/2023\/01\/product-tattoo-photography-fill-light.jpg?wsr\",\"contentUrl\":\"https:\/\/snapphotogear.com\/wp-content\/uploads\/2023\/01\/product-tattoo-photography-fill-light.jpg?wsr\",\"width\":1000,\"height\":746,\"caption\":\"Photographie de tatouage lumi\u00e8re d'appoint polaris\u00e9e\"},{\"@type\":\"BreadcrumbList\",\"@id\":\"https:\/\/snapphotogear.com\/fr\/produit\/tattoo-photography-polarized-fill-light-lumiere-dappoint-polarisee\/#breadcrumb\",\"itemListElement\":[{\"@type\":\"ListItem\",\"position\":1,\"name\":\"Home\",\"item\":\"https:\/\/snapphotogear.com\/fr\/\"},{\"@type\":\"ListItem\",\"position\":2,\"name\":\"Magasiner\",\"item\":\"https:\/\/snapphotogear.com\/fr\/boutique\/\"},{\"@type\":\"ListItem\",\"position\":3,\"name\":\"Tattoo Photography Polarized Fill Light (lumi\u00e8re d&rsquo;appoint polaris\u00e9e)\"}]},{\"@type\":\"WebSite\",\"@id\":\"https:\/\/snapphotogear.com\/fr\/#website\",\"url\":\"https:\/\/snapphotogear.com\/fr\/\",\"name\":\"Snap Photo Gear\",\"description\":\"We design highly functional, yet minimal, iPhone accessories to take your mobile photography to the next level!\",\"publisher\":{\"@id\":\"https:\/\/snapphotogear.com\/fr\/#organization\"},\"potentialAction\":[{\"@type\":\"SearchAction\",\"target\":{\"@type\":\"EntryPoint\",\"urlTemplate\":\"https:\/\/snapphotogear.com\/fr\/?s={search_term_string}\"},\"query-input\":{\"@type\":\"PropertyValueSpecification\",\"valueRequired\":true,\"valueName\":\"search_term_string\"}}],\"inLanguage\":\"fr-FR\"},{\"@type\":\"Organization\",\"@id\":\"https:\/\/snapphotogear.com\/fr\/#organization\",\"name\":\"Snap Photo Gear\",\"url\":\"https:\/\/snapphotogear.com\/fr\/\",\"logo\":{\"@type\":\"ImageObject\",\"inLanguage\":\"fr-FR\",\"@id\":\"https:\/\/snapphotogear.com\/fr\/#\/schema\/logo\/image\/\",\"url\":\"https:\/\/snapphotogear.com\/wp-content\/uploads\/2024\/03\/snap-photo-gear-logo-gold-black-background.png\",\"contentUrl\":\"https:\/\/snapphotogear.com\/wp-content\/uploads\/2024\/03\/snap-photo-gear-logo-gold-black-background.png\",\"width\":340,\"height\":340,\"caption\":\"Snap Photo Gear\"},\"image\":{\"@id\":\"https:\/\/snapphotogear.com\/fr\/#\/schema\/logo\/image\/\"},\"sameAs\":[\"https:\/\/www.facebook.com\/snapphotogear\",\"https:\/\/www.instagram.com\/snapphotogear\/\",\"https:\/\/www.youtube.com\/@snapphotogear\"]}]}<\/script>\n<!-- \/ Yoast SEO plugin. -->","yoast_head_json":{"title":"Tattoo Photography Polarized Fill Light (lumi\u00e8re d'appoint polaris\u00e9e) - Snap Photo Gear","description":"Le Tattoo Photography Polarized Fill Light a \u00e9t\u00e9 con\u00e7u pour la photographie de tatouage. Gr\u00e2ce \u00e0 la polarisation int\u00e9gr\u00e9e, les tatoueurs peuvent capturer la beaut\u00e9 de leur travail.","robots":{"index":"index","follow":"follow","max-snippet":"max-snippet:-1","max-image-preview":"max-image-preview:large","max-video-preview":"max-video-preview:-1"},"canonical":"https:\/\/snapphotogear.com\/fr\/produit\/tattoo-photography-polarized-fill-light-lumiere-dappoint-polarisee\/","og_locale":"fr_FR","og_type":"article","og_title":"Tattoo Photography Polarized Fill Light (lumi\u00e8re d'appoint polaris\u00e9e) - Snap Photo Gear","og_description":"Le Tattoo Photography Polarized Fill Light a \u00e9t\u00e9 con\u00e7u pour la photographie de tatouage. Gr\u00e2ce \u00e0 la polarisation int\u00e9gr\u00e9e, les tatoueurs peuvent capturer la beaut\u00e9 de leur travail.","og_url":"https:\/\/snapphotogear.com\/fr\/produit\/tattoo-photography-polarized-fill-light-lumiere-dappoint-polarisee\/","og_site_name":"Snap Photo Gear","article_publisher":"https:\/\/www.facebook.com\/snapphotogear","og_image":[{"width":1000,"height":746,"url":"https:\/\/snapphotogear.com\/wp-content\/uploads\/2023\/01\/product-tattoo-photography-fill-light.jpg?wsr","type":"image\/jpeg"}],"twitter_card":"summary_large_image","schema":{"@context":"https:\/\/schema.org","@graph":[{"@type":["WebPage","ItemPage"],"@id":"https:\/\/snapphotogear.com\/fr\/produit\/tattoo-photography-polarized-fill-light-lumiere-dappoint-polarisee\/","url":"https:\/\/snapphotogear.com\/fr\/produit\/tattoo-photography-polarized-fill-light-lumiere-dappoint-polarisee\/","name":"Tattoo Photography Polarized Fill Light (lumi\u00e8re d'appoint polaris\u00e9e) - Snap Photo Gear","isPartOf":{"@id":"https:\/\/snapphotogear.com\/fr\/#website"},"primaryImageOfPage":{"@id":"https:\/\/snapphotogear.com\/fr\/produit\/tattoo-photography-polarized-fill-light-lumiere-dappoint-polarisee\/#primaryimage"},"image":{"@id":"https:\/\/snapphotogear.com\/fr\/produit\/tattoo-photography-polarized-fill-light-lumiere-dappoint-polarisee\/#primaryimage"},"thumbnailUrl":"https:\/\/snapphotogear.com\/wp-content\/uploads\/2023\/01\/product-tattoo-photography-fill-light.jpg?wsr","datePublished":"2024-12-06T19:09:07+00:00","description":"Le Tattoo Photography Polarized Fill Light a \u00e9t\u00e9 con\u00e7u pour la photographie de tatouage. Gr\u00e2ce \u00e0 la polarisation int\u00e9gr\u00e9e, les tatoueurs peuvent capturer la beaut\u00e9 de leur travail.","breadcrumb":{"@id":"https:\/\/snapphotogear.com\/fr\/produit\/tattoo-photography-polarized-fill-light-lumiere-dappoint-polarisee\/#breadcrumb"},"inLanguage":"fr-FR","potentialAction":[{"@type":"ReadAction","target":["https:\/\/snapphotogear.com\/fr\/produit\/tattoo-photography-polarized-fill-light-lumiere-dappoint-polarisee\/"]}]},{"@type":"ImageObject","inLanguage":"fr-FR","@id":"https:\/\/snapphotogear.com\/fr\/produit\/tattoo-photography-polarized-fill-light-lumiere-dappoint-polarisee\/#primaryimage","url":"https:\/\/snapphotogear.com\/wp-content\/uploads\/2023\/01\/product-tattoo-photography-fill-light.jpg?wsr","contentUrl":"https:\/\/snapphotogear.com\/wp-content\/uploads\/2023\/01\/product-tattoo-photography-fill-light.jpg?wsr","width":1000,"height":746,"caption":"Photographie de tatouage lumi\u00e8re d'appoint polaris\u00e9e"},{"@type":"BreadcrumbList","@id":"https:\/\/snapphotogear.com\/fr\/produit\/tattoo-photography-polarized-fill-light-lumiere-dappoint-polarisee\/#breadcrumb","itemListElement":[{"@type":"ListItem","position":1,"name":"Home","item":"https:\/\/snapphotogear.com\/fr\/"},{"@type":"ListItem","position":2,"name":"Magasiner","item":"https:\/\/snapphotogear.com\/fr\/boutique\/"},{"@type":"ListItem","position":3,"name":"Tattoo Photography Polarized Fill Light (lumi\u00e8re d&rsquo;appoint polaris\u00e9e)"}]},{"@type":"WebSite","@id":"https:\/\/snapphotogear.com\/fr\/#website","url":"https:\/\/snapphotogear.com\/fr\/","name":"Snap Photo Gear","description":"We design highly functional, yet minimal, iPhone accessories to take your mobile photography to the next level!","publisher":{"@id":"https:\/\/snapphotogear.com\/fr\/#organization"},"potentialAction":[{"@type":"SearchAction","target":{"@type":"EntryPoint","urlTemplate":"https:\/\/snapphotogear.com\/fr\/?s={search_term_string}"},"query-input":{"@type":"PropertyValueSpecification","valueRequired":true,"valueName":"search_term_string"}}],"inLanguage":"fr-FR"},{"@type":"Organization","@id":"https:\/\/snapphotogear.com\/fr\/#organization","name":"Snap Photo Gear","url":"https:\/\/snapphotogear.com\/fr\/","logo":{"@type":"ImageObject","inLanguage":"fr-FR","@id":"https:\/\/snapphotogear.com\/fr\/#\/schema\/logo\/image\/","url":"https:\/\/snapphotogear.com\/wp-content\/uploads\/2024\/03\/snap-photo-gear-logo-gold-black-background.png","contentUrl":"https:\/\/snapphotogear.com\/wp-content\/uploads\/2024\/03\/snap-photo-gear-logo-gold-black-background.png","width":340,"height":340,"caption":"Snap Photo Gear"},"image":{"@id":"https:\/\/snapphotogear.com\/fr\/#\/schema\/logo\/image\/"},"sameAs":["https:\/\/www.facebook.com\/snapphotogear","https:\/\/www.instagram.com\/snapphotogear\/","https:\/\/www.youtube.com\/@snapphotogear"]}]}},"_links":{"self":[{"href":"https:\/\/snapphotogear.com\/fr\/wp-json\/wp\/v2\/product\/1122","targetHints":{"allow":["GET"]}}],"collection":[{"href":"https:\/\/snapphotogear.com\/fr\/wp-json\/wp\/v2\/product"}],"about":[{"href":"https:\/\/snapphotogear.com\/fr\/wp-json\/wp\/v2\/types\/product"}],"replies":[{"embeddable":true,"href":"https:\/\/snapphotogear.com\/fr\/wp-json\/wp\/v2\/comments?post=1122"}],"wp:featuredmedia":[{"embeddable":true,"href":"https:\/\/snapphotogear.com\/fr\/wp-json\/wp\/v2\/media\/1083"}],"wp:attachment":[{"href":"https:\/\/snapphotogear.com\/fr\/wp-json\/wp\/v2\/media?parent=1122"}],"wp:term":[{"taxonomy":"product_brand","embeddable":true,"href":"https:\/\/snapphotogear.com\/fr\/wp-json\/wp\/v2\/product_brand?post=1122"},{"taxonomy":"product_cat","embeddable":true,"href":"https:\/\/snapphotogear.com\/fr\/wp-json\/wp\/v2\/product_cat?post=1122"},{"taxonomy":"product_tag","embeddable":true,"href":"https:\/\/snapphotogear.com\/fr\/wp-json\/wp\/v2\/product_tag?post=1122"}],"curies":[{"name":"wp","href":"https:\/\/api.w.org\/{rel}","templated":true}]}}