{"id":891,"date":"2023-01-27T15:56:10","date_gmt":"2023-01-27T15:56:10","guid":{"rendered":"https:\/\/snapphotogear.com\/product\/adaptateur-de-filtre-a-pression\/"},"modified":"2025-12-02T03:16:10","modified_gmt":"2025-12-02T03:16:10","slug":"adaptateur-de-filtre-snap","status":"publish","type":"product","link":"https:\/\/snapphotogear.com\/fr\/produit\/adaptateur-de-filtre-snap\/","title":{"rendered":"Adaptateur de filtre Snap pour iPhone"},"content":{"rendered":"<p>L&rsquo;adaptateur de filtre Snap pour iPhone vous permet d&rsquo;utiliser n&rsquo;importe quel filtre photographique avec votre iPhone, gr\u00e2ce \u00e0 sa monture de <strong>58mm.<\/strong> Il se connecte rapidement \u00e0 votre iPhone via Magsafe et peut \u00eatre utilis\u00e9 directement sur votre t\u00e9l\u00e9phone ou avec la plupart des \u00e9tuis de t\u00e9l\u00e9phone compatibles avec Magsafe. Son design fin et l\u00e9ger se glisse facilement dans votre poche pour que vous puissiez le laisser sur vous sans encombrement ni poids suppl\u00e9mentaire.<\/p>\n<p>En outre, la conception brevet\u00e9e de l&rsquo;adaptateur de filtre iPhone Snap permet d&rsquo;utiliser les c\u00e9l\u00e8bres <a href=\"https:\/\/www.dji.com\/ca\/products\/handheld-imaging-devices#om-series\" target=\"_blank\" rel=\"noopener\">cardans DJI OM (Osmo<\/a>).<br \/>\n<strong>Mod\u00e8les de cardans compatibles :<\/strong> OM 4, OM 5 et OM 6<\/p>\n<p>Nous fabriquons nos produits au Canada en utilisant des mat\u00e9riaux de la plus haute qualit\u00e9 et les technologies les plus r\u00e9centes.<\/p>\n<p>Suivez ces liens pour plus d&rsquo;informations :<br \/>\n<a href=\"https:\/\/snapphotogear.com\/2024\/01\/unleashing-the-power-of-photography-filters\/\" target=\"_blank\" rel=\"noopener\">Lib\u00e9rer le pouvoir des filtres photographiques<\/a><br \/>\n<a href=\"https:\/\/snapphotogear.com\/2024\/02\/why-every-iphone-filmmaker-needs-an-nd-filter\/\">Pourquoi tous les r\u00e9alisateurs de films sur iPhone ont besoin d&rsquo;un filtre ND dans leur sac d&rsquo;\u00e9quipement<\/a><\/p>\n","protected":false},"excerpt":{"rendered":"<p>L&rsquo;adaptateur de filtre Snap vous permet d&rsquo;utiliser n&rsquo;importe quel filtre photographique avec votre iPhone gr\u00e2ce \u00e0 sa monture de 58 mm. Reliez-le rapidement \u00e0 votre iPhone via Magsafe ou la plupart des \u00e9tuis de t\u00e9l\u00e9phone compatibles Magsafe.<\/p>\n<p>La conception fine et l\u00e9g\u00e8re permet \u00e9galement d&rsquo;utiliser la c\u00e9l\u00e8bre gamme de cardans DJI OM (Osmo).<\/p>\n","protected":false},"featured_media":826,"comment_status":"open","ping_status":"closed","template":"","meta":[],"product_brand":[],"product_cat":[76],"product_tag":[],"class_list":{"0":"post-891","1":"product","2":"type-product","3":"status-publish","4":"has-post-thumbnail","6":"product_cat-materiel-de-photographie","7":"product_shipping_class-engrenages","9":"first","10":"instock","11":"taxable","12":"shipping-taxable","13":"purchasable","14":"product-type-variable"},"yoast_head":"<!-- This site is optimized with the Yoast SEO plugin v27.2 - https:\/\/yoast.com\/product\/yoast-seo-wordpress\/ -->\n<title>Adaptateur de filtre Snap pour iPhone - 58mm | Snap Photo Gear<\/title>\n<meta name=\"description\" content=\"L&#039;adaptateur de filtre Snap pour iPhone vous permet d&#039;utiliser n&#039;importe quel filtre photographique gr\u00e2ce \u00e0 sa monture de 58 mm. Conception mince et l\u00e9g\u00e8re, fabriqu\u00e9e au Canada. Achetez maintenant !\" \/>\n<meta name=\"robots\" content=\"index, follow, max-snippet:-1, max-image-preview:large, max-video-preview:-1\" \/>\n<link rel=\"canonical\" href=\"https:\/\/snapphotogear.com\/fr\/produit\/adaptateur-de-filtre-snap\/\" \/>\n<meta property=\"og:locale\" content=\"fr_FR\" \/>\n<meta property=\"og:type\" content=\"article\" \/>\n<meta property=\"og:title\" content=\"Adaptateur de filtre Snap pour iPhone - 58mm | Snap Photo Gear\" \/>\n<meta property=\"og:description\" content=\"L&#039;adaptateur de filtre Snap pour iPhone vous permet d&#039;utiliser n&#039;importe quel filtre photographique gr\u00e2ce \u00e0 sa monture de 58 mm. Conception mince et l\u00e9g\u00e8re, fabriqu\u00e9e au Canada. Achetez maintenant !\" \/>\n<meta property=\"og:url\" content=\"https:\/\/snapphotogear.com\/fr\/produit\/adaptateur-de-filtre-snap\/\" \/>\n<meta property=\"og:site_name\" content=\"Snap Photo Gear\" \/>\n<meta property=\"article:publisher\" content=\"https:\/\/www.facebook.com\/snapphotogear\" \/>\n<meta property=\"article:modified_time\" content=\"2025-12-02T03:16:10+00:00\" \/>\n<meta property=\"og:image\" content=\"https:\/\/snapphotogear.com\/wp-content\/uploads\/2023\/01\/product-snap-filter-adaptor-black.jpg?wsr\" \/>\n\t<meta property=\"og:image:width\" content=\"1000\" \/>\n\t<meta property=\"og:image:height\" content=\"746\" \/>\n\t<meta property=\"og:image:type\" content=\"image\/jpeg\" \/>\n<meta name=\"twitter:card\" content=\"summary_large_image\" \/>\n<script type=\"application\/ld+json\" class=\"yoast-schema-graph\">{\"@context\":\"https:\/\/schema.org\",\"@graph\":[{\"@type\":[\"WebPage\",\"ItemPage\"],\"@id\":\"https:\/\/snapphotogear.com\/fr\/produit\/adaptateur-de-filtre-snap\/\",\"url\":\"https:\/\/snapphotogear.com\/fr\/produit\/adaptateur-de-filtre-snap\/\",\"name\":\"Adaptateur de filtre Snap pour iPhone - 58mm | Snap Photo Gear\",\"isPartOf\":{\"@id\":\"https:\/\/snapphotogear.com\/fr\/#website\"},\"primaryImageOfPage\":{\"@id\":\"https:\/\/snapphotogear.com\/fr\/produit\/adaptateur-de-filtre-snap\/#primaryimage\"},\"image\":{\"@id\":\"https:\/\/snapphotogear.com\/fr\/produit\/adaptateur-de-filtre-snap\/#primaryimage\"},\"thumbnailUrl\":\"https:\/\/snapphotogear.com\/wp-content\/uploads\/2023\/01\/product-snap-filter-adaptor-black.jpg?wsr\",\"datePublished\":\"2023-01-27T15:56:10+00:00\",\"dateModified\":\"2025-12-02T03:16:10+00:00\",\"description\":\"L'adaptateur de filtre Snap pour iPhone vous permet d'utiliser n'importe quel filtre photographique gr\u00e2ce \u00e0 sa monture de 58 mm. Conception mince et l\u00e9g\u00e8re, fabriqu\u00e9e au Canada. Achetez maintenant !\",\"breadcrumb\":{\"@id\":\"https:\/\/snapphotogear.com\/fr\/produit\/adaptateur-de-filtre-snap\/#breadcrumb\"},\"inLanguage\":\"fr-FR\",\"potentialAction\":[{\"@type\":\"ReadAction\",\"target\":[\"https:\/\/snapphotogear.com\/fr\/produit\/adaptateur-de-filtre-snap\/\"]}]},{\"@type\":\"ImageObject\",\"inLanguage\":\"fr-FR\",\"@id\":\"https:\/\/snapphotogear.com\/fr\/produit\/adaptateur-de-filtre-snap\/#primaryimage\",\"url\":\"https:\/\/snapphotogear.com\/wp-content\/uploads\/2023\/01\/product-snap-filter-adaptor-black.jpg?wsr\",\"contentUrl\":\"https:\/\/snapphotogear.com\/wp-content\/uploads\/2023\/01\/product-snap-filter-adaptor-black.jpg?wsr\",\"width\":1000,\"height\":746,\"caption\":\"adaptateur pour filtre snap iphone\"},{\"@type\":\"BreadcrumbList\",\"@id\":\"https:\/\/snapphotogear.com\/fr\/produit\/adaptateur-de-filtre-snap\/#breadcrumb\",\"itemListElement\":[{\"@type\":\"ListItem\",\"position\":1,\"name\":\"Home\",\"item\":\"https:\/\/snapphotogear.com\/fr\/\"},{\"@type\":\"ListItem\",\"position\":2,\"name\":\"Magasiner\",\"item\":\"https:\/\/snapphotogear.com\/fr\/boutique\/\"},{\"@type\":\"ListItem\",\"position\":3,\"name\":\"Adaptateur de filtre Snap pour iPhone\"}]},{\"@type\":\"WebSite\",\"@id\":\"https:\/\/snapphotogear.com\/fr\/#website\",\"url\":\"https:\/\/snapphotogear.com\/fr\/\",\"name\":\"Snap Photo Gear\",\"description\":\"We design highly functional, yet minimal, iPhone accessories to take your mobile photography to the next level!\",\"publisher\":{\"@id\":\"https:\/\/snapphotogear.com\/fr\/#organization\"},\"potentialAction\":[{\"@type\":\"SearchAction\",\"target\":{\"@type\":\"EntryPoint\",\"urlTemplate\":\"https:\/\/snapphotogear.com\/fr\/?s={search_term_string}\"},\"query-input\":{\"@type\":\"PropertyValueSpecification\",\"valueRequired\":true,\"valueName\":\"search_term_string\"}}],\"inLanguage\":\"fr-FR\"},{\"@type\":\"Organization\",\"@id\":\"https:\/\/snapphotogear.com\/fr\/#organization\",\"name\":\"Snap Photo Gear\",\"url\":\"https:\/\/snapphotogear.com\/fr\/\",\"logo\":{\"@type\":\"ImageObject\",\"inLanguage\":\"fr-FR\",\"@id\":\"https:\/\/snapphotogear.com\/fr\/#\/schema\/logo\/image\/\",\"url\":\"https:\/\/snapphotogear.com\/wp-content\/uploads\/2024\/03\/snap-photo-gear-logo-gold-black-background.png\",\"contentUrl\":\"https:\/\/snapphotogear.com\/wp-content\/uploads\/2024\/03\/snap-photo-gear-logo-gold-black-background.png\",\"width\":340,\"height\":340,\"caption\":\"Snap Photo Gear\"},\"image\":{\"@id\":\"https:\/\/snapphotogear.com\/fr\/#\/schema\/logo\/image\/\"},\"sameAs\":[\"https:\/\/www.facebook.com\/snapphotogear\",\"https:\/\/www.instagram.com\/snapphotogear\/\",\"https:\/\/www.youtube.com\/@snapphotogear\"]}]}<\/script>\n<!-- \/ Yoast SEO plugin. -->","yoast_head_json":{"title":"Adaptateur de filtre Snap pour iPhone - 58mm | Snap Photo Gear","description":"L'adaptateur de filtre Snap pour iPhone vous permet d'utiliser n'importe quel filtre photographique gr\u00e2ce \u00e0 sa monture de 58 mm. Conception mince et l\u00e9g\u00e8re, fabriqu\u00e9e au Canada. Achetez maintenant !","robots":{"index":"index","follow":"follow","max-snippet":"max-snippet:-1","max-image-preview":"max-image-preview:large","max-video-preview":"max-video-preview:-1"},"canonical":"https:\/\/snapphotogear.com\/fr\/produit\/adaptateur-de-filtre-snap\/","og_locale":"fr_FR","og_type":"article","og_title":"Adaptateur de filtre Snap pour iPhone - 58mm | Snap Photo Gear","og_description":"L'adaptateur de filtre Snap pour iPhone vous permet d'utiliser n'importe quel filtre photographique gr\u00e2ce \u00e0 sa monture de 58 mm. Conception mince et l\u00e9g\u00e8re, fabriqu\u00e9e au Canada. Achetez maintenant !","og_url":"https:\/\/snapphotogear.com\/fr\/produit\/adaptateur-de-filtre-snap\/","og_site_name":"Snap Photo Gear","article_publisher":"https:\/\/www.facebook.com\/snapphotogear","article_modified_time":"2025-12-02T03:16:10+00:00","og_image":[{"width":1000,"height":746,"url":"https:\/\/snapphotogear.com\/wp-content\/uploads\/2023\/01\/product-snap-filter-adaptor-black.jpg?wsr","type":"image\/jpeg"}],"twitter_card":"summary_large_image","schema":{"@context":"https:\/\/schema.org","@graph":[{"@type":["WebPage","ItemPage"],"@id":"https:\/\/snapphotogear.com\/fr\/produit\/adaptateur-de-filtre-snap\/","url":"https:\/\/snapphotogear.com\/fr\/produit\/adaptateur-de-filtre-snap\/","name":"Adaptateur de filtre Snap pour iPhone - 58mm | Snap Photo Gear","isPartOf":{"@id":"https:\/\/snapphotogear.com\/fr\/#website"},"primaryImageOfPage":{"@id":"https:\/\/snapphotogear.com\/fr\/produit\/adaptateur-de-filtre-snap\/#primaryimage"},"image":{"@id":"https:\/\/snapphotogear.com\/fr\/produit\/adaptateur-de-filtre-snap\/#primaryimage"},"thumbnailUrl":"https:\/\/snapphotogear.com\/wp-content\/uploads\/2023\/01\/product-snap-filter-adaptor-black.jpg?wsr","datePublished":"2023-01-27T15:56:10+00:00","dateModified":"2025-12-02T03:16:10+00:00","description":"L'adaptateur de filtre Snap pour iPhone vous permet d'utiliser n'importe quel filtre photographique gr\u00e2ce \u00e0 sa monture de 58 mm. Conception mince et l\u00e9g\u00e8re, fabriqu\u00e9e au Canada. Achetez maintenant !","breadcrumb":{"@id":"https:\/\/snapphotogear.com\/fr\/produit\/adaptateur-de-filtre-snap\/#breadcrumb"},"inLanguage":"fr-FR","potentialAction":[{"@type":"ReadAction","target":["https:\/\/snapphotogear.com\/fr\/produit\/adaptateur-de-filtre-snap\/"]}]},{"@type":"ImageObject","inLanguage":"fr-FR","@id":"https:\/\/snapphotogear.com\/fr\/produit\/adaptateur-de-filtre-snap\/#primaryimage","url":"https:\/\/snapphotogear.com\/wp-content\/uploads\/2023\/01\/product-snap-filter-adaptor-black.jpg?wsr","contentUrl":"https:\/\/snapphotogear.com\/wp-content\/uploads\/2023\/01\/product-snap-filter-adaptor-black.jpg?wsr","width":1000,"height":746,"caption":"adaptateur pour filtre snap iphone"},{"@type":"BreadcrumbList","@id":"https:\/\/snapphotogear.com\/fr\/produit\/adaptateur-de-filtre-snap\/#breadcrumb","itemListElement":[{"@type":"ListItem","position":1,"name":"Home","item":"https:\/\/snapphotogear.com\/fr\/"},{"@type":"ListItem","position":2,"name":"Magasiner","item":"https:\/\/snapphotogear.com\/fr\/boutique\/"},{"@type":"ListItem","position":3,"name":"Adaptateur de filtre Snap pour iPhone"}]},{"@type":"WebSite","@id":"https:\/\/snapphotogear.com\/fr\/#website","url":"https:\/\/snapphotogear.com\/fr\/","name":"Snap Photo Gear","description":"We design highly functional, yet minimal, iPhone accessories to take your mobile photography to the next level!","publisher":{"@id":"https:\/\/snapphotogear.com\/fr\/#organization"},"potentialAction":[{"@type":"SearchAction","target":{"@type":"EntryPoint","urlTemplate":"https:\/\/snapphotogear.com\/fr\/?s={search_term_string}"},"query-input":{"@type":"PropertyValueSpecification","valueRequired":true,"valueName":"search_term_string"}}],"inLanguage":"fr-FR"},{"@type":"Organization","@id":"https:\/\/snapphotogear.com\/fr\/#organization","name":"Snap Photo Gear","url":"https:\/\/snapphotogear.com\/fr\/","logo":{"@type":"ImageObject","inLanguage":"fr-FR","@id":"https:\/\/snapphotogear.com\/fr\/#\/schema\/logo\/image\/","url":"https:\/\/snapphotogear.com\/wp-content\/uploads\/2024\/03\/snap-photo-gear-logo-gold-black-background.png","contentUrl":"https:\/\/snapphotogear.com\/wp-content\/uploads\/2024\/03\/snap-photo-gear-logo-gold-black-background.png","width":340,"height":340,"caption":"Snap Photo Gear"},"image":{"@id":"https:\/\/snapphotogear.com\/fr\/#\/schema\/logo\/image\/"},"sameAs":["https:\/\/www.facebook.com\/snapphotogear","https:\/\/www.instagram.com\/snapphotogear\/","https:\/\/www.youtube.com\/@snapphotogear"]}]}},"_links":{"self":[{"href":"https:\/\/snapphotogear.com\/fr\/wp-json\/wp\/v2\/product\/891","targetHints":{"allow":["GET"]}}],"collection":[{"href":"https:\/\/snapphotogear.com\/fr\/wp-json\/wp\/v2\/product"}],"about":[{"href":"https:\/\/snapphotogear.com\/fr\/wp-json\/wp\/v2\/types\/product"}],"replies":[{"embeddable":true,"href":"https:\/\/snapphotogear.com\/fr\/wp-json\/wp\/v2\/comments?post=891"}],"wp:featuredmedia":[{"embeddable":true,"href":"https:\/\/snapphotogear.com\/fr\/wp-json\/wp\/v2\/media\/826"}],"wp:attachment":[{"href":"https:\/\/snapphotogear.com\/fr\/wp-json\/wp\/v2\/media?parent=891"}],"wp:term":[{"taxonomy":"product_brand","embeddable":true,"href":"https:\/\/snapphotogear.com\/fr\/wp-json\/wp\/v2\/product_brand?post=891"},{"taxonomy":"product_cat","embeddable":true,"href":"https:\/\/snapphotogear.com\/fr\/wp-json\/wp\/v2\/product_cat?post=891"},{"taxonomy":"product_tag","embeddable":true,"href":"https:\/\/snapphotogear.com\/fr\/wp-json\/wp\/v2\/product_tag?post=891"}],"curies":[{"name":"wp","href":"https:\/\/api.w.org\/{rel}","templated":true}]}}