{"id":992,"date":"2024-08-14T14:05:03","date_gmt":"2024-08-14T14:05:03","guid":{"rendered":"https:\/\/snapphotogear.com\/?post_type=product&#038;p=992"},"modified":"2024-08-15T13:26:16","modified_gmt":"2024-08-15T13:26:16","slug":"adaptateur-de-58-mm-copy","status":"publish","type":"product","link":"https:\/\/snapphotogear.com\/fr\/produit\/adaptateur-de-58-mm-copy\/","title":{"rendered":"Filtre polarisant circulaire (CPL) de 58 mm"},"content":{"rendered":"<p>Ce filtre polarisant circulaire (CPL) de qualit\u00e9 sup\u00e9rieure supprime les reflets des surfaces telles que l&rsquo;eau ou le verre, et augmente la couleur et le contraste, rendant les feuillages plus riches et les ciels plus bleus.<\/p>\n<ul class=\"a-unordered-list a-vertical a-spacing-mini\">\n<li class=\"a-spacing-mini\"><span class=\"a-list-item\">Fabriqu\u00e9 en aluminium ultrafin de qualit\u00e9 aviation<\/span><\/li>\n<li class=\"a-spacing-mini\"><span class=\"a-list-item\">Extr\u00eamement solide et l\u00e9ger<\/span><\/li>\n<li class=\"a-spacing-mini\"><span class=\"a-list-item\">Polie et finie avec une surface anodis\u00e9e noire mate<\/span><\/li>\n<li>Le filetage de 58 mm est compatible avec l&rsquo;<a href=\"https:\/\/snapphotogear.com\/product\/snap-filter-adapter\/\">adaptateur de filtre Snap<\/a> sans n\u00e9cessiter d&rsquo;adaptateur suppl\u00e9mentaire.<\/li>\n<\/ul>\n<p>Suivez ces liens pour plus d&rsquo;informations :<\/p>\n<p><a href=\"https:\/\/snapphotogear.com\/2024\/01\/unleashing-the-power-of-photography-filters\/\" target=\"_blank\" rel=\"noopener\">Lib\u00e9rer la puissance des filtres photographiques<\/a><br \/>\n<a href=\"https:\/\/snapphotogear.com\/2024\/02\/why-every-iphone-filmmaker-needs-an-nd-filter\/\">Pourquoi chaque r\u00e9alisateur de films sur iPhone a besoin d&rsquo;un filtre ND dans son sac d&rsquo;\u00e9quipement<\/a><\/p>\n","protected":false},"excerpt":{"rendered":"<p>Ce filtre polarisant circulaire (CPL) de qualit\u00e9 sup\u00e9rieure supprime les reflets des surfaces telles que l&rsquo;eau ou le verre, et augmente la couleur et le contraste, rendant les feuillages plus riches et les ciels plus bleus.<\/p>\n","protected":false},"featured_media":999,"comment_status":"closed","ping_status":"closed","template":"","meta":[],"product_brand":[],"product_cat":[71],"product_tag":[],"class_list":{"0":"post-992","1":"product","2":"type-product","3":"status-publish","4":"has-post-thumbnail","6":"product_cat-accessoires","7":"product_shipping_class-accessoires","9":"first","10":"instock","11":"taxable","12":"shipping-taxable","13":"purchasable","14":"product-type-simple"},"yoast_head":"<!-- This site is optimized with the Yoast SEO plugin v27.2 - https:\/\/yoast.com\/product\/yoast-seo-wordpress\/ -->\n<title>Filtre Polarisant Circulaire (CPL) 58mm | Snap Photo Gear<\/title>\n<meta name=\"description\" content=\"Filtre polarisant circulaire (CPL) de 58 mm compatible avec l&#039;adaptateur Snap Filer. Fabriqu\u00e9 en aluminium solide et l\u00e9ger de qualit\u00e9 a\u00e9ronautique. Achetez maintenant !\" \/>\n<meta name=\"robots\" content=\"index, follow, max-snippet:-1, max-image-preview:large, max-video-preview:-1\" \/>\n<link rel=\"canonical\" href=\"https:\/\/snapphotogear.com\/fr\/produit\/adaptateur-de-58-mm-copy\/\" \/>\n<meta property=\"og:locale\" content=\"fr_FR\" \/>\n<meta property=\"og:type\" content=\"article\" \/>\n<meta property=\"og:title\" content=\"Filtre Polarisant Circulaire (CPL) 58mm | Snap Photo Gear\" \/>\n<meta property=\"og:description\" content=\"Filtre polarisant circulaire (CPL) de 58 mm compatible avec l&#039;adaptateur Snap Filer. Fabriqu\u00e9 en aluminium solide et l\u00e9ger de qualit\u00e9 a\u00e9ronautique. Achetez maintenant !\" \/>\n<meta property=\"og:url\" content=\"https:\/\/snapphotogear.com\/fr\/produit\/adaptateur-de-58-mm-copy\/\" \/>\n<meta property=\"og:site_name\" content=\"Snap Photo Gear\" \/>\n<meta property=\"article:publisher\" content=\"https:\/\/www.facebook.com\/snapphotogear\" \/>\n<meta property=\"article:modified_time\" content=\"2024-08-15T13:26:16+00:00\" \/>\n<meta property=\"og:image\" content=\"https:\/\/snapphotogear.com\/wp-content\/uploads\/2024\/08\/product-snap-filter-circular-polarizer-cpl-58mm.jpg\" \/>\n\t<meta property=\"og:image:width\" content=\"1000\" \/>\n\t<meta property=\"og:image:height\" content=\"746\" \/>\n\t<meta property=\"og:image:type\" content=\"image\/jpeg\" \/>\n<meta name=\"twitter:card\" content=\"summary_large_image\" \/>\n<script type=\"application\/ld+json\" class=\"yoast-schema-graph\">{\"@context\":\"https:\/\/schema.org\",\"@graph\":[{\"@type\":[\"WebPage\",\"ItemPage\"],\"@id\":\"https:\/\/snapphotogear.com\/fr\/produit\/adaptateur-de-58-mm-copy\/\",\"url\":\"https:\/\/snapphotogear.com\/fr\/produit\/adaptateur-de-58-mm-copy\/\",\"name\":\"Filtre Polarisant Circulaire (CPL) 58mm | Snap Photo Gear\",\"isPartOf\":{\"@id\":\"https:\/\/snapphotogear.com\/fr\/#website\"},\"primaryImageOfPage\":{\"@id\":\"https:\/\/snapphotogear.com\/fr\/produit\/adaptateur-de-58-mm-copy\/#primaryimage\"},\"image\":{\"@id\":\"https:\/\/snapphotogear.com\/fr\/produit\/adaptateur-de-58-mm-copy\/#primaryimage\"},\"thumbnailUrl\":\"https:\/\/snapphotogear.com\/wp-content\/uploads\/2024\/08\/product-snap-filter-circular-polarizer-cpl-58mm.jpg?wsr\",\"datePublished\":\"2024-08-14T14:05:03+00:00\",\"dateModified\":\"2024-08-15T13:26:16+00:00\",\"description\":\"Filtre polarisant circulaire (CPL) de 58 mm compatible avec l'adaptateur Snap Filer. Fabriqu\u00e9 en aluminium solide et l\u00e9ger de qualit\u00e9 a\u00e9ronautique. Achetez maintenant !\",\"breadcrumb\":{\"@id\":\"https:\/\/snapphotogear.com\/fr\/produit\/adaptateur-de-58-mm-copy\/#breadcrumb\"},\"inLanguage\":\"fr-FR\",\"potentialAction\":[{\"@type\":\"ReadAction\",\"target\":[\"https:\/\/snapphotogear.com\/fr\/produit\/adaptateur-de-58-mm-copy\/\"]}]},{\"@type\":\"ImageObject\",\"inLanguage\":\"fr-FR\",\"@id\":\"https:\/\/snapphotogear.com\/fr\/produit\/adaptateur-de-58-mm-copy\/#primaryimage\",\"url\":\"https:\/\/snapphotogear.com\/wp-content\/uploads\/2024\/08\/product-snap-filter-circular-polarizer-cpl-58mm.jpg?wsr\",\"contentUrl\":\"https:\/\/snapphotogear.com\/wp-content\/uploads\/2024\/08\/product-snap-filter-circular-polarizer-cpl-58mm.jpg?wsr\",\"width\":1000,\"height\":746,\"caption\":\"Filtre polarisant circulaire (CPL) 58mm - Snap Filer Adapter | Snap Photo Gear\"},{\"@type\":\"BreadcrumbList\",\"@id\":\"https:\/\/snapphotogear.com\/fr\/produit\/adaptateur-de-58-mm-copy\/#breadcrumb\",\"itemListElement\":[{\"@type\":\"ListItem\",\"position\":1,\"name\":\"Home\",\"item\":\"https:\/\/snapphotogear.com\/fr\/\"},{\"@type\":\"ListItem\",\"position\":2,\"name\":\"Magasiner\",\"item\":\"https:\/\/snapphotogear.com\/fr\/boutique\/\"},{\"@type\":\"ListItem\",\"position\":3,\"name\":\"Filtre polarisant circulaire (CPL) de 58 mm\"}]},{\"@type\":\"WebSite\",\"@id\":\"https:\/\/snapphotogear.com\/fr\/#website\",\"url\":\"https:\/\/snapphotogear.com\/fr\/\",\"name\":\"Snap Photo Gear\",\"description\":\"We design highly functional, yet minimal, iPhone accessories to take your mobile photography to the next level!\",\"publisher\":{\"@id\":\"https:\/\/snapphotogear.com\/fr\/#organization\"},\"potentialAction\":[{\"@type\":\"SearchAction\",\"target\":{\"@type\":\"EntryPoint\",\"urlTemplate\":\"https:\/\/snapphotogear.com\/fr\/?s={search_term_string}\"},\"query-input\":{\"@type\":\"PropertyValueSpecification\",\"valueRequired\":true,\"valueName\":\"search_term_string\"}}],\"inLanguage\":\"fr-FR\"},{\"@type\":\"Organization\",\"@id\":\"https:\/\/snapphotogear.com\/fr\/#organization\",\"name\":\"Snap Photo Gear\",\"url\":\"https:\/\/snapphotogear.com\/fr\/\",\"logo\":{\"@type\":\"ImageObject\",\"inLanguage\":\"fr-FR\",\"@id\":\"https:\/\/snapphotogear.com\/fr\/#\/schema\/logo\/image\/\",\"url\":\"https:\/\/snapphotogear.com\/wp-content\/uploads\/2024\/03\/snap-photo-gear-logo-gold-black-background.png\",\"contentUrl\":\"https:\/\/snapphotogear.com\/wp-content\/uploads\/2024\/03\/snap-photo-gear-logo-gold-black-background.png\",\"width\":340,\"height\":340,\"caption\":\"Snap Photo Gear\"},\"image\":{\"@id\":\"https:\/\/snapphotogear.com\/fr\/#\/schema\/logo\/image\/\"},\"sameAs\":[\"https:\/\/www.facebook.com\/snapphotogear\",\"https:\/\/www.instagram.com\/snapphotogear\/\",\"https:\/\/www.youtube.com\/@snapphotogear\"]}]}<\/script>\n<!-- \/ Yoast SEO plugin. -->","yoast_head_json":{"title":"Filtre Polarisant Circulaire (CPL) 58mm | Snap Photo Gear","description":"Filtre polarisant circulaire (CPL) de 58 mm compatible avec l'adaptateur Snap Filer. Fabriqu\u00e9 en aluminium solide et l\u00e9ger de qualit\u00e9 a\u00e9ronautique. Achetez maintenant !","robots":{"index":"index","follow":"follow","max-snippet":"max-snippet:-1","max-image-preview":"max-image-preview:large","max-video-preview":"max-video-preview:-1"},"canonical":"https:\/\/snapphotogear.com\/fr\/produit\/adaptateur-de-58-mm-copy\/","og_locale":"fr_FR","og_type":"article","og_title":"Filtre Polarisant Circulaire (CPL) 58mm | Snap Photo Gear","og_description":"Filtre polarisant circulaire (CPL) de 58 mm compatible avec l'adaptateur Snap Filer. Fabriqu\u00e9 en aluminium solide et l\u00e9ger de qualit\u00e9 a\u00e9ronautique. Achetez maintenant !","og_url":"https:\/\/snapphotogear.com\/fr\/produit\/adaptateur-de-58-mm-copy\/","og_site_name":"Snap Photo Gear","article_publisher":"https:\/\/www.facebook.com\/snapphotogear","article_modified_time":"2024-08-15T13:26:16+00:00","og_image":[{"width":1000,"height":746,"url":"https:\/\/snapphotogear.com\/wp-content\/uploads\/2024\/08\/product-snap-filter-circular-polarizer-cpl-58mm.jpg","type":"image\/jpeg"}],"twitter_card":"summary_large_image","schema":{"@context":"https:\/\/schema.org","@graph":[{"@type":["WebPage","ItemPage"],"@id":"https:\/\/snapphotogear.com\/fr\/produit\/adaptateur-de-58-mm-copy\/","url":"https:\/\/snapphotogear.com\/fr\/produit\/adaptateur-de-58-mm-copy\/","name":"Filtre Polarisant Circulaire (CPL) 58mm | Snap Photo Gear","isPartOf":{"@id":"https:\/\/snapphotogear.com\/fr\/#website"},"primaryImageOfPage":{"@id":"https:\/\/snapphotogear.com\/fr\/produit\/adaptateur-de-58-mm-copy\/#primaryimage"},"image":{"@id":"https:\/\/snapphotogear.com\/fr\/produit\/adaptateur-de-58-mm-copy\/#primaryimage"},"thumbnailUrl":"https:\/\/snapphotogear.com\/wp-content\/uploads\/2024\/08\/product-snap-filter-circular-polarizer-cpl-58mm.jpg?wsr","datePublished":"2024-08-14T14:05:03+00:00","dateModified":"2024-08-15T13:26:16+00:00","description":"Filtre polarisant circulaire (CPL) de 58 mm compatible avec l'adaptateur Snap Filer. Fabriqu\u00e9 en aluminium solide et l\u00e9ger de qualit\u00e9 a\u00e9ronautique. Achetez maintenant !","breadcrumb":{"@id":"https:\/\/snapphotogear.com\/fr\/produit\/adaptateur-de-58-mm-copy\/#breadcrumb"},"inLanguage":"fr-FR","potentialAction":[{"@type":"ReadAction","target":["https:\/\/snapphotogear.com\/fr\/produit\/adaptateur-de-58-mm-copy\/"]}]},{"@type":"ImageObject","inLanguage":"fr-FR","@id":"https:\/\/snapphotogear.com\/fr\/produit\/adaptateur-de-58-mm-copy\/#primaryimage","url":"https:\/\/snapphotogear.com\/wp-content\/uploads\/2024\/08\/product-snap-filter-circular-polarizer-cpl-58mm.jpg?wsr","contentUrl":"https:\/\/snapphotogear.com\/wp-content\/uploads\/2024\/08\/product-snap-filter-circular-polarizer-cpl-58mm.jpg?wsr","width":1000,"height":746,"caption":"Filtre polarisant circulaire (CPL) 58mm - Snap Filer Adapter | Snap Photo Gear"},{"@type":"BreadcrumbList","@id":"https:\/\/snapphotogear.com\/fr\/produit\/adaptateur-de-58-mm-copy\/#breadcrumb","itemListElement":[{"@type":"ListItem","position":1,"name":"Home","item":"https:\/\/snapphotogear.com\/fr\/"},{"@type":"ListItem","position":2,"name":"Magasiner","item":"https:\/\/snapphotogear.com\/fr\/boutique\/"},{"@type":"ListItem","position":3,"name":"Filtre polarisant circulaire (CPL) de 58 mm"}]},{"@type":"WebSite","@id":"https:\/\/snapphotogear.com\/fr\/#website","url":"https:\/\/snapphotogear.com\/fr\/","name":"Snap Photo Gear","description":"We design highly functional, yet minimal, iPhone accessories to take your mobile photography to the next level!","publisher":{"@id":"https:\/\/snapphotogear.com\/fr\/#organization"},"potentialAction":[{"@type":"SearchAction","target":{"@type":"EntryPoint","urlTemplate":"https:\/\/snapphotogear.com\/fr\/?s={search_term_string}"},"query-input":{"@type":"PropertyValueSpecification","valueRequired":true,"valueName":"search_term_string"}}],"inLanguage":"fr-FR"},{"@type":"Organization","@id":"https:\/\/snapphotogear.com\/fr\/#organization","name":"Snap Photo Gear","url":"https:\/\/snapphotogear.com\/fr\/","logo":{"@type":"ImageObject","inLanguage":"fr-FR","@id":"https:\/\/snapphotogear.com\/fr\/#\/schema\/logo\/image\/","url":"https:\/\/snapphotogear.com\/wp-content\/uploads\/2024\/03\/snap-photo-gear-logo-gold-black-background.png","contentUrl":"https:\/\/snapphotogear.com\/wp-content\/uploads\/2024\/03\/snap-photo-gear-logo-gold-black-background.png","width":340,"height":340,"caption":"Snap Photo Gear"},"image":{"@id":"https:\/\/snapphotogear.com\/fr\/#\/schema\/logo\/image\/"},"sameAs":["https:\/\/www.facebook.com\/snapphotogear","https:\/\/www.instagram.com\/snapphotogear\/","https:\/\/www.youtube.com\/@snapphotogear"]}]}},"_links":{"self":[{"href":"https:\/\/snapphotogear.com\/fr\/wp-json\/wp\/v2\/product\/992","targetHints":{"allow":["GET"]}}],"collection":[{"href":"https:\/\/snapphotogear.com\/fr\/wp-json\/wp\/v2\/product"}],"about":[{"href":"https:\/\/snapphotogear.com\/fr\/wp-json\/wp\/v2\/types\/product"}],"replies":[{"embeddable":true,"href":"https:\/\/snapphotogear.com\/fr\/wp-json\/wp\/v2\/comments?post=992"}],"wp:featuredmedia":[{"embeddable":true,"href":"https:\/\/snapphotogear.com\/fr\/wp-json\/wp\/v2\/media\/999"}],"wp:attachment":[{"href":"https:\/\/snapphotogear.com\/fr\/wp-json\/wp\/v2\/media?parent=992"}],"wp:term":[{"taxonomy":"product_brand","embeddable":true,"href":"https:\/\/snapphotogear.com\/fr\/wp-json\/wp\/v2\/product_brand?post=992"},{"taxonomy":"product_cat","embeddable":true,"href":"https:\/\/snapphotogear.com\/fr\/wp-json\/wp\/v2\/product_cat?post=992"},{"taxonomy":"product_tag","embeddable":true,"href":"https:\/\/snapphotogear.com\/fr\/wp-json\/wp\/v2\/product_tag?post=992"}],"curies":[{"name":"wp","href":"https:\/\/api.w.org\/{rel}","templated":true}]}}